{"id":54,"date":"2022-10-03T23:47:50","date_gmt":"2022-10-03T23:47:50","guid":{"rendered":"https:\/\/esred.mx\/web\/?page_id=54"},"modified":"2023-05-12T17:26:47","modified_gmt":"2023-05-12T17:26:47","slug":"ponentes","status":"publish","type":"page","link":"https:\/\/esred.mx\/web\/ponentes\/","title":{"rendered":"Ponentes"},"content":{"rendered":"<p>[et_pb_section fb_built=\u00bb1&#8243; _builder_version=\u00bb4.18.0&#8243; _module_preset=\u00bbdefault\u00bb top_divider_color=\u00bb#0A2A48&#8243; global_colors_info=\u00bb{}\u00bb][et_pb_row column_structure=\u00bb1_2,1_2&#8243; _builder_version=\u00bb4.18.0&#8243; _module_preset=\u00bbdefault\u00bb global_colors_info=\u00bb{}\u00bb][et_pb_column type=\u00bb1_2&#8243; _builder_version=\u00bb4.18.0&#8243; _module_preset=\u00bbdefault\u00bb global_colors_info=\u00bb{}\u00bb][et_pb_text _builder_version=\u00bb4.18.0&#8243; _module_preset=\u00bbdefault\u00bb text_text_color=\u00bb#000000&#8243; global_colors_info=\u00bb{}\u00bb]<\/p>\n<h2><span style=\"color: #bb945a;\">Lilia Ang\u00e9lica Madue\u00f1o Villegas<\/span><\/h2>\n<p>Licenciada en Derecho por la Universidad Aut\u00f3noma de Occidente, se ha desempe\u00f1ado en la Iniciativa privada como abogada litigante dentro del despacho jur\u00eddico LM ABOGADOS y como docente dentro de la carrera de derecho en la UNIVERSIDAD AUTONOMA DE DURANGO, CAMPUS Culiac\u00e1n, Sinaloa y en el sector p\u00fablico como delegada de trabajo y previsi\u00f3n social de la Direcci\u00f3n de trabajo en el estado de Sinaloa, subdelegada jur\u00eddica en la Secretaria de Desarrollo Agrario Territorial y Urbano del Gobierno Federal y actualmente se encuentra laborando como asesora de la presidencia municipal del Municipio de Ahome, Sinaloa.<\/p>\n<p>[\/et_pb_text][\/et_pb_column][et_pb_column type=\u00bb1_2&#8243; _builder_version=\u00bb4.18.0&#8243; _module_preset=\u00bbdefault\u00bb global_colors_info=\u00bb{}\u00bb][\/et_pb_column][\/et_pb_row][\/et_pb_section][et_pb_section fb_built=\u00bb1&#8243; _builder_version=\u00bb4.18.0&#8243; _module_preset=\u00bbdefault\u00bb use_background_color_gradient=\u00bbon\u00bb background_color_gradient_direction=\u00bb90deg\u00bb background_color_gradient_stops=\u00bb#bb945a 0%|#bb945a 75%|#0a2a48 75%|#0a2a48 100%\u00bb min_height=\u00bb20px\u00bb max_height=\u00bb20px\u00bb custom_padding=\u00bb0px||0px||false|false\u00bb global_colors_info=\u00bb{}\u00bb][et_pb_row _builder_version=\u00bb4.18.0&#8243; _module_preset=\u00bbdefault\u00bb min_height=\u00bb20px\u00bb max_height=\u00bb20px\u00bb global_colors_info=\u00bb{}\u00bb][et_pb_column type=\u00bb4_4&#8243; _builder_version=\u00bb4.18.0&#8243; _module_preset=\u00bbdefault\u00bb global_colors_info=\u00bb{}\u00bb][\/et_pb_column][\/et_pb_row][\/et_pb_section][et_pb_section fb_built=\u00bb1&#8243; _builder_version=\u00bb4.18.0&#8243; _module_preset=\u00bbdefault\u00bb background_enable_color=\u00bboff\u00bb top_divider_color=\u00bb#FFFFFF\u00bb top_divider_repeat=\u00bb2x\u00bb top_divider_flip=\u00bbhorizontal\u00bb global_colors_info=\u00bb{}\u00bb][et_pb_row column_structure=\u00bb1_2,1_2&#8243; _builder_version=\u00bb4.18.0&#8243; _module_preset=\u00bbdefault\u00bb global_colors_info=\u00bb{}\u00bb][et_pb_column type=\u00bb1_2&#8243; _builder_version=\u00bb4.18.0&#8243; _module_preset=\u00bbdefault\u00bb global_colors_info=\u00bb{}\u00bb][\/et_pb_column][et_pb_column type=\u00bb1_2&#8243; _builder_version=\u00bb4.18.0&#8243; _module_preset=\u00bbdefault\u00bb global_colors_info=\u00bb{}\u00bb][et_pb_text _builder_version=\u00bb4.18.0&#8243; _module_preset=\u00bbdefault\u00bb header_2_text_color=\u00bb#0A2A48&#8243; global_colors_info=\u00bb{}\u00bb]<\/p>\n<h2>Sandra J. Ram\u00edrez Navarrete<\/h2>\n<p>Licenciada en Derecho por la Universidad Mexicana, especialista en Derecho Internacional P\u00fablico por la Universidad Nacional Aut\u00f3noma de M\u00e9xico (UNAM), y especialista en Derechos Humanos y Democracia por la Facultad Latinoamericana de Ciencia Sociales (FLACSO). Egresada del Instituto Nacional de Ciencias Penales (INACIPE) donde curs\u00f3 la Maestr\u00eda en Pol\u00edticas Anticorrupci\u00f3n.<\/p>\n<p>Se ha desempe\u00f1ado en la Iniciativa privada como coordinadora de \u00e1reas en enlace legislativo en CEMEX y en el sector p\u00fablico como asesora y coordinara jur\u00eddico-parlamentario en C\u00e1mara de Senadores y C\u00e1mara de Diputados. En sus logros laborales se encuentra la participaci\u00f3n en iniciativas en materia de amparo, paridad de g\u00e9nero, reforma educativa, acceso abierto y en materia de desarrollo urbano y ordenaci\u00f3n territorial. En 2019 fue seleccionada como ponente ante la Corte Interamericana de Derechos Humanos con la investigaci\u00f3n \u201cImpacto de la Corte Interamericana de Derechos Humanos en M\u00e9xico, a 60 a\u00f1os de su existencia\u201d y en 2021 como ponente en el Instituto Nacional de Ciencias Penales con el tema \u201cEl ejercicio parlamentario y la protecci\u00f3n de derechos\u201d.<\/p>\n<p>[\/et_pb_text][\/et_pb_column][\/et_pb_row][\/et_pb_section][et_pb_section fb_built=\u00bb1&#8243; _builder_version=\u00bb4.18.0&#8243; _module_preset=\u00bbdefault\u00bb use_background_color_gradient=\u00bbon\u00bb background_color_gradient_direction=\u00bb90deg\u00bb background_color_gradient_stops=\u00bb#0a2a48 0%|#0a2a48 80%|#bb945a 80%|#bb945a 100%\u00bb min_height=\u00bb20px\u00bb max_height=\u00bb20px\u00bb custom_padding=\u00bb0px||0px||false|false\u00bb global_colors_info=\u00bb{}\u00bb][et_pb_row _builder_version=\u00bb4.18.0&#8243; _module_preset=\u00bbdefault\u00bb min_height=\u00bb20px\u00bb max_height=\u00bb20px\u00bb global_colors_info=\u00bb{}\u00bb][et_pb_column type=\u00bb4_4&#8243; _builder_version=\u00bb4.18.0&#8243; _module_preset=\u00bbdefault\u00bb global_colors_info=\u00bb{}\u00bb][\/et_pb_column][\/et_pb_row][\/et_pb_section][et_pb_section fb_built=\u00bb1&#8243; _builder_version=\u00bb4.18.0&#8243; _module_preset=\u00bbdefault\u00bb background_enable_color=\u00bboff\u00bb top_divider_color=\u00bb#BB945A\u00bb top_divider_repeat=\u00bb1x\u00bb global_colors_info=\u00bb{}\u00bb][et_pb_row column_structure=\u00bb1_2,1_2&#8243; _builder_version=\u00bb4.18.0&#8243; _module_preset=\u00bbdefault\u00bb global_colors_info=\u00bb{}\u00bb][et_pb_column type=\u00bb1_2&#8243; _builder_version=\u00bb4.18.0&#8243; _module_preset=\u00bbdefault\u00bb global_colors_info=\u00bb{}\u00bb][et_pb_team_member name=\u00bbMtra. Gabriela Vargas G\u00f3mez\u00bb twitter_url=\u00bbhttps:\/\/mobile.twitter.com\/gabyvargasgo\u00bb linkedin_url=\u00bbwww.linkedin.com\/in\/gabriela-vargas-g\u00f3mez-5053472a\u00bb icon_color=\u00bb#BB945A\u00bb _builder_version=\u00bb4.18.0&#8243; _module_preset=\u00bbdefault\u00bb header_level=\u00bbh2&#8243; header_text_color=\u00bb#BB945A\u00bb global_colors_info=\u00bb{}\u00bb]<\/p>\n<p>Periodista y Maestra en Ciencias Pol\u00edticas. Con estudios de Posgrado en Transparencia, Datos Personales, y Derechos Humanos en la Universidad Henry Dunant en Suiza, en la Universidad de Chile, la Commission nationale de l\u00b4informatique et des libert\u00e9s (France), y en la Suprema Corte de Justicia de la Naci\u00f3n en M\u00e9xico.<\/p>\n<p>Se ha desempe\u00f1ado en el \u00e1mbito pol\u00edtico-electoral por m\u00e1s de veinte a\u00f1os. Fue titular de Transparencia en el Tribunal Electoral del Poder Judicial de la Federaci\u00f3n (TEPJF), y asesora en la Comisi\u00f3n Nacional de Derechos Humanos (CNDH), el Instituto Nacional Electoral (INE), y de diversos partidos pol\u00edticos. Actualmente es Gerente de la Asociaci\u00f3n de Chief Data Officer CDO-LATAM con presencia en toda Latinoam\u00e9rica.<\/p>\n<p>[\/et_pb_team_member][\/et_pb_column][et_pb_column type=\u00bb1_2&#8243; _builder_version=\u00bb4.18.0&#8243; _module_preset=\u00bbdefault\u00bb global_colors_info=\u00bb{}\u00bb][\/et_pb_column][\/et_pb_row][\/et_pb_section][et_pb_section fb_built=\u00bb1&#8243; _builder_version=\u00bb4.18.0&#8243; _module_preset=\u00bbdefault\u00bb use_background_color_gradient=\u00bbon\u00bb background_color_gradient_direction=\u00bb90deg\u00bb background_color_gradient_stops=\u00bb#bb945a 0%|#bb945a 75%|#0a2a48 75%|#0a2a48 100%\u00bb min_height=\u00bb20px\u00bb max_height=\u00bb20px\u00bb custom_padding=\u00bb0px||0px||false|false\u00bb global_colors_info=\u00bb{}\u00bb][et_pb_row _builder_version=\u00bb4.18.0&#8243; _module_preset=\u00bbdefault\u00bb min_height=\u00bb20px\u00bb max_height=\u00bb20px\u00bb global_colors_info=\u00bb{}\u00bb][et_pb_column type=\u00bb4_4&#8243; _builder_version=\u00bb4.18.0&#8243; _module_preset=\u00bbdefault\u00bb global_colors_info=\u00bb{}\u00bb][\/et_pb_column][\/et_pb_row][\/et_pb_section][et_pb_section fb_built=\u00bb1&#8243; _builder_version=\u00bb4.18.0&#8243; _module_preset=\u00bbdefault\u00bb background_enable_color=\u00bboff\u00bb top_divider_color=\u00bb#FFFFFF\u00bb top_divider_repeat=\u00bb2x\u00bb top_divider_flip=\u00bbhorizontal\u00bb global_colors_info=\u00bb{}\u00bb][et_pb_row column_structure=\u00bb1_2,1_2&#8243; _builder_version=\u00bb4.18.0&#8243; _module_preset=\u00bbdefault\u00bb global_colors_info=\u00bb{}\u00bb][et_pb_column type=\u00bb1_2&#8243; _builder_version=\u00bb4.18.0&#8243; _module_preset=\u00bbdefault\u00bb global_colors_info=\u00bb{}\u00bb][\/et_pb_column][et_pb_column type=\u00bb1_2&#8243; _builder_version=\u00bb4.18.0&#8243; _module_preset=\u00bbdefault\u00bb global_colors_info=\u00bb{}\u00bb][et_pb_text _builder_version=\u00bb4.18.0&#8243; _module_preset=\u00bbdefault\u00bb header_2_text_color=\u00bb#0A2A48&#8243; global_colors_info=\u00bb{}\u00bb]<\/p>\n<h2>Silvia Palazuelos<\/h2>\n<p>Es licenciada en Derecho por la Universidad Aut\u00f3noma de Sinaloa, estudi\u00f3 la Maestr\u00eda en Derecho en la Divisi\u00f3n de Estudios de Posgrado de la Facultad de Derecho de la UNAM, desde 2014 es socia directora del despacho MxP Abogados, Consultores SC, temas de especialidad: proceso legislativo, derecho electoral, coautora del libro: Violencia pol\u00edtica contra las mujeres: el precio de la paridad en M\u00e9xico.<\/p>\n<p>Cuenta con m\u00e1s de veinte a\u00f1os de experiencia profesional como abogada litigante, se ha desempe\u00f1ado como servidora p\u00fablica, docente y consultora independiente en instituciones p\u00fablicas y privadas como: Universidad Aut\u00f3noma de Sinaloa (UAS), Instituto Nacional de Ciencias Penales (INACIPE), C\u00e1mara de Diputados, Senado de la Rep\u00fablica, Congresos Locales, dirigencias de partidos pol\u00edticos nacionales y locales, as\u00ed como en la Unidad T\u00e9cnica de Fiscalizaci\u00f3n del INE.<\/p>\n<p>Es socia y cofundadora de ESRED, Educaci\u00f3n y Sociedad en Red, y un Diplomado en Blockchain en la Universidad An\u00e1huac online.<\/p>\n<p>[\/et_pb_text][\/et_pb_column][\/et_pb_row][\/et_pb_section][et_pb_section fb_built=\u00bb1&#8243; _builder_version=\u00bb4.18.0&#8243; _module_preset=\u00bbdefault\u00bb use_background_color_gradient=\u00bbon\u00bb background_color_gradient_direction=\u00bb90deg\u00bb background_color_gradient_stops=\u00bb#0a2a48 0%|#0a2a48 80%|#bb945a 80%|#bb945a 100%\u00bb min_height=\u00bb20px\u00bb max_height=\u00bb20px\u00bb custom_padding=\u00bb0px||0px||false|false\u00bb global_colors_info=\u00bb{}\u00bb][et_pb_row _builder_version=\u00bb4.18.0&#8243; _module_preset=\u00bbdefault\u00bb min_height=\u00bb20px\u00bb max_height=\u00bb20px\u00bb global_colors_info=\u00bb{}\u00bb][et_pb_column type=\u00bb4_4&#8243; _builder_version=\u00bb4.18.0&#8243; _module_preset=\u00bbdefault\u00bb global_colors_info=\u00bb{}\u00bb][\/et_pb_column][\/et_pb_row][\/et_pb_section][et_pb_section fb_built=\u00bb1&#8243; _builder_version=\u00bb4.18.0&#8243; _module_preset=\u00bbdefault\u00bb background_enable_color=\u00bboff\u00bb top_divider_color=\u00bb#BB945A\u00bb top_divider_repeat=\u00bb1x\u00bb bottom_divider_color=\u00bb#161616&#8243; global_colors_info=\u00bb{}\u00bb][et_pb_row column_structure=\u00bb1_2,1_2&#8243; _builder_version=\u00bb4.18.0&#8243; _module_preset=\u00bbdefault\u00bb global_colors_info=\u00bb{}\u00bb][et_pb_column type=\u00bb1_2&#8243; _builder_version=\u00bb4.18.0&#8243; _module_preset=\u00bbdefault\u00bb global_colors_info=\u00bb{}\u00bb][et_pb_team_member name=\u00bbGustavo Z\u00fa\u00f1iga Col\u00edn\u00bb icon_color=\u00bb#BB945A\u00bb _builder_version=\u00bb4.18.0&#8243; _module_preset=\u00bbdefault\u00bb header_level=\u00bbh2&#8243; header_text_color=\u00bb#BB945A\u00bb global_colors_info=\u00bb{}\u00bb]<\/p>\n<p>Estudi\u00f3 la carrera en Ciencias Pol\u00edticas y Administraci\u00f3n P\u00fablica en la Universidad Nacional Aut\u00f3noma de M\u00e9xico (UNAM).<\/p>\n<p>Desde su paso por el Instituto Nacional Electoral (INE) se ha empe\u00f1ado en empoderar a la ciudadan\u00eda mediante conocimientos pol\u00edticos y aquellos que define la democracia participativa.<\/p>\n<p>[\/et_pb_team_member][\/et_pb_column][et_pb_column type=\u00bb1_2&#8243; _builder_version=\u00bb4.18.0&#8243; _module_preset=\u00bbdefault\u00bb global_colors_info=\u00bb{}\u00bb][\/et_pb_column][\/et_pb_row][\/et_pb_section]<\/p>\n","protected":false},"excerpt":{"rendered":"<p>Lilia Ang\u00e9lica Madue\u00f1o Villegas Licenciada en Derecho por la Universidad Aut\u00f3noma de Occidente, se ha desempe\u00f1ado en la Iniciativa privada como abogada litigante dentro del despacho jur\u00eddico LM ABOGADOS y como docente dentro de la carrera de derecho en la UNIVERSIDAD AUTONOMA DE DURANGO, CAMPUS Culiac\u00e1n, Sinaloa y en el sector p\u00fablico como delegada de [&hellip;]<\/p>\n","protected":false},"author":1,"featured_media":0,"parent":0,"menu_order":0,"comment_status":"closed","ping_status":"closed","template":"","meta":{"_et_pb_use_builder":"on","_et_pb_old_content":"","_et_gb_content_width":"","_crdt_document":"","footnotes":""},"class_list":["post-54","page","type-page","status-publish","hentry"],"yoast_head":"<!-- This site is optimized with the Yoast SEO plugin v27.5 - https:\/\/yoast.com\/product\/yoast-seo-wordpress\/ -->\n<title>Ponentes - Esred<\/title>\n<meta name=\"robots\" content=\"index, follow, max-snippet:-1, max-image-preview:large, max-video-preview:-1\" \/>\n<link rel=\"canonical\" href=\"https:\/\/esred.mx\/web\/ponentes\/\" \/>\n<meta property=\"og:locale\" content=\"es_ES\" \/>\n<meta property=\"og:type\" content=\"article\" \/>\n<meta property=\"og:title\" content=\"Ponentes - Esred\" \/>\n<meta property=\"og:description\" content=\"Lilia Ang\u00e9lica Madue\u00f1o Villegas Licenciada en Derecho por la Universidad Aut\u00f3noma de Occidente, se ha desempe\u00f1ado en la Iniciativa privada como abogada litigante dentro del despacho jur\u00eddico LM ABOGADOS y como docente dentro de la carrera de derecho en la UNIVERSIDAD AUTONOMA DE DURANGO, CAMPUS Culiac\u00e1n, Sinaloa y en el sector p\u00fablico como delegada de [&hellip;]\" \/>\n<meta property=\"og:url\" content=\"https:\/\/esred.mx\/web\/ponentes\/\" \/>\n<meta property=\"og:site_name\" content=\"Esred\" \/>\n<meta property=\"article:modified_time\" content=\"2023-05-12T17:26:47+00:00\" \/>\n<meta name=\"twitter:card\" content=\"summary_large_image\" \/>\n<meta name=\"twitter:label1\" content=\"Tiempo de lectura\" \/>\n\t<meta name=\"twitter:data1\" content=\"4 minutos\" \/>\n<script type=\"application\/ld+json\" class=\"yoast-schema-graph\">{\"@context\":\"https:\\\/\\\/schema.org\",\"@graph\":[{\"@type\":\"WebPage\",\"@id\":\"https:\\\/\\\/esred.mx\\\/web\\\/ponentes\\\/\",\"url\":\"https:\\\/\\\/esred.mx\\\/web\\\/ponentes\\\/\",\"name\":\"Ponentes - Esred\",\"isPartOf\":{\"@id\":\"https:\\\/\\\/esred.mx\\\/web\\\/#website\"},\"datePublished\":\"2022-10-03T23:47:50+00:00\",\"dateModified\":\"2023-05-12T17:26:47+00:00\",\"breadcrumb\":{\"@id\":\"https:\\\/\\\/esred.mx\\\/web\\\/ponentes\\\/#breadcrumb\"},\"inLanguage\":\"es\",\"potentialAction\":[{\"@type\":\"ReadAction\",\"target\":[\"https:\\\/\\\/esred.mx\\\/web\\\/ponentes\\\/\"]}]},{\"@type\":\"BreadcrumbList\",\"@id\":\"https:\\\/\\\/esred.mx\\\/web\\\/ponentes\\\/#breadcrumb\",\"itemListElement\":[{\"@type\":\"ListItem\",\"position\":1,\"name\":\"Portada\",\"item\":\"https:\\\/\\\/esred.mx\\\/web\\\/\"},{\"@type\":\"ListItem\",\"position\":2,\"name\":\"Ponentes\"}]},{\"@type\":\"WebSite\",\"@id\":\"https:\\\/\\\/esred.mx\\\/web\\\/#website\",\"url\":\"https:\\\/\\\/esred.mx\\\/web\\\/\",\"name\":\"Esred\",\"description\":\"Educaci\u00f3n y Sociedad en RED\",\"potentialAction\":[{\"@type\":\"SearchAction\",\"target\":{\"@type\":\"EntryPoint\",\"urlTemplate\":\"https:\\\/\\\/esred.mx\\\/web\\\/?s={search_term_string}\"},\"query-input\":{\"@type\":\"PropertyValueSpecification\",\"valueRequired\":true,\"valueName\":\"search_term_string\"}}],\"inLanguage\":\"es\"}]}<\/script>\n<!-- \/ Yoast SEO plugin. -->","yoast_head_json":{"title":"Ponentes - Esred","robots":{"index":"index","follow":"follow","max-snippet":"max-snippet:-1","max-image-preview":"max-image-preview:large","max-video-preview":"max-video-preview:-1"},"canonical":"https:\/\/esred.mx\/web\/ponentes\/","og_locale":"es_ES","og_type":"article","og_title":"Ponentes - Esred","og_description":"Lilia Ang\u00e9lica Madue\u00f1o Villegas Licenciada en Derecho por la Universidad Aut\u00f3noma de Occidente, se ha desempe\u00f1ado en la Iniciativa privada como abogada litigante dentro del despacho jur\u00eddico LM ABOGADOS y como docente dentro de la carrera de derecho en la UNIVERSIDAD AUTONOMA DE DURANGO, CAMPUS Culiac\u00e1n, Sinaloa y en el sector p\u00fablico como delegada de [&hellip;]","og_url":"https:\/\/esred.mx\/web\/ponentes\/","og_site_name":"Esred","article_modified_time":"2023-05-12T17:26:47+00:00","twitter_card":"summary_large_image","twitter_misc":{"Tiempo de lectura":"4 minutos"},"schema":{"@context":"https:\/\/schema.org","@graph":[{"@type":"WebPage","@id":"https:\/\/esred.mx\/web\/ponentes\/","url":"https:\/\/esred.mx\/web\/ponentes\/","name":"Ponentes - Esred","isPartOf":{"@id":"https:\/\/esred.mx\/web\/#website"},"datePublished":"2022-10-03T23:47:50+00:00","dateModified":"2023-05-12T17:26:47+00:00","breadcrumb":{"@id":"https:\/\/esred.mx\/web\/ponentes\/#breadcrumb"},"inLanguage":"es","potentialAction":[{"@type":"ReadAction","target":["https:\/\/esred.mx\/web\/ponentes\/"]}]},{"@type":"BreadcrumbList","@id":"https:\/\/esred.mx\/web\/ponentes\/#breadcrumb","itemListElement":[{"@type":"ListItem","position":1,"name":"Portada","item":"https:\/\/esred.mx\/web\/"},{"@type":"ListItem","position":2,"name":"Ponentes"}]},{"@type":"WebSite","@id":"https:\/\/esred.mx\/web\/#website","url":"https:\/\/esred.mx\/web\/","name":"Esred","description":"Educaci\u00f3n y Sociedad en RED","potentialAction":[{"@type":"SearchAction","target":{"@type":"EntryPoint","urlTemplate":"https:\/\/esred.mx\/web\/?s={search_term_string}"},"query-input":{"@type":"PropertyValueSpecification","valueRequired":true,"valueName":"search_term_string"}}],"inLanguage":"es"}]}},"jetpack-related-posts":[],"jetpack_sharing_enabled":true,"_links":{"self":[{"href":"https:\/\/esred.mx\/web\/wp-json\/wp\/v2\/pages\/54","targetHints":{"allow":["GET"]}}],"collection":[{"href":"https:\/\/esred.mx\/web\/wp-json\/wp\/v2\/pages"}],"about":[{"href":"https:\/\/esred.mx\/web\/wp-json\/wp\/v2\/types\/page"}],"author":[{"embeddable":true,"href":"https:\/\/esred.mx\/web\/wp-json\/wp\/v2\/users\/1"}],"replies":[{"embeddable":true,"href":"https:\/\/esred.mx\/web\/wp-json\/wp\/v2\/comments?post=54"}],"version-history":[{"count":8,"href":"https:\/\/esred.mx\/web\/wp-json\/wp\/v2\/pages\/54\/revisions"}],"predecessor-version":[{"id":341,"href":"https:\/\/esred.mx\/web\/wp-json\/wp\/v2\/pages\/54\/revisions\/341"}],"wp:attachment":[{"href":"https:\/\/esred.mx\/web\/wp-json\/wp\/v2\/media?parent=54"}],"curies":[{"name":"wp","href":"https:\/\/api.w.org\/{rel}","templated":true}]}}