{"id":401,"date":"2023-09-14T18:07:38","date_gmt":"2023-09-14T18:07:38","guid":{"rendered":"https:\/\/esred.mx\/web\/?page_id=401"},"modified":"2023-09-14T18:42:25","modified_gmt":"2023-09-14T18:42:25","slug":"candidaturas-independientes-3","status":"publish","type":"page","link":"https:\/\/esred.mx\/web\/candidaturas-independientes-3\/","title":{"rendered":"Candidaturas Independientes"},"content":{"rendered":"<p>[et_pb_section fb_built=\u00bb1&#8243; _builder_version=\u00bb4.18.0&#8243; _module_preset=\u00bbdefault\u00bb background_image=\u00bbhttps:\/\/esred.mx\/web\/wp-content\/uploads\/2023\/09\/CANDIDATURAS-INDEPENDIENTES-1.png\u00bb global_colors_info=\u00bb{}\u00bb][et_pb_row _builder_version=\u00bb4.18.0&#8243; _module_preset=\u00bbdefault\u00bb global_colors_info=\u00bb{}\u00bb][et_pb_column type=\u00bb4_4&#8243; _builder_version=\u00bb4.18.0&#8243; _module_preset=\u00bbdefault\u00bb global_colors_info=\u00bb{}\u00bb][et_pb_text _builder_version=\u00bb4.18.0&#8243; _module_preset=\u00bbdefault\u00bb header_text_color=\u00bb#FFFFFF\u00bb header_2_text_color=\u00bb#0A2A48&#8243; global_colors_info=\u00bb{}\u00bb]<\/p>\n<h1><span style=\"font-weight: 400;\">CANDIDATURAS INDEPENDIENTES<\/span><\/h1>\n<h2>Curso de capacitaci\u00f3n<\/h2>\n<p>[\/et_pb_text][\/et_pb_column][\/et_pb_row][et_pb_row column_structure=\u00bb1_3,1_3,1_3&#8243; _builder_version=\u00bb4.18.0&#8243; _module_preset=\u00bbdefault\u00bb global_colors_info=\u00bb{}\u00bb][et_pb_column type=\u00bb1_3&#8243; _builder_version=\u00bb4.18.0&#8243; _module_preset=\u00bbdefault\u00bb global_colors_info=\u00bb{}\u00bb][et_pb_text _builder_version=\u00bb4.18.0&#8243; _module_preset=\u00bbdefault\u00bb header_2_text_color=\u00bb#FFFFFF\u00bb background_color=\u00bb#0A2A48&#8243; width=\u00bb82%\u00bb custom_margin=\u00bb|36px|||false|false\u00bb custom_padding=\u00bb10px|15px|5px|15px|false|false\u00bb header_2_text_color_tablet=\u00bb#FFFFFF\u00bb header_2_text_color_phone=\u00bb#FFFFFF\u00bb header_2_text_color_last_edited=\u00bbon|tablet\u00bb background_color_tablet=\u00bbRGBA(255,255,255,0)\u00bb background_last_edited=\u00bbon|tablet\u00bb background_enable_color_tablet=\u00bbon\u00bb global_colors_info=\u00bb{}\u00bb]<\/p>\n<h2><strong>LO QUE NOS MUEVE<\/strong><\/h2>\n<p>[\/et_pb_text][\/et_pb_column][et_pb_column type=\u00bb1_3&#8243; _builder_version=\u00bb4.18.0&#8243; _module_preset=\u00bbdefault\u00bb global_colors_info=\u00bb{}\u00bb][\/et_pb_column][et_pb_column type=\u00bb1_3&#8243; _builder_version=\u00bb4.18.0&#8243; _module_preset=\u00bbdefault\u00bb global_colors_info=\u00bb{}\u00bb][\/et_pb_column][\/et_pb_row][et_pb_row _builder_version=\u00bb4.18.0&#8243; _module_preset=\u00bbdefault\u00bb global_colors_info=\u00bb{}\u00bb][et_pb_column type=\u00bb4_4&#8243; _builder_version=\u00bb4.18.0&#8243; _module_preset=\u00bbdefault\u00bb global_colors_info=\u00bb{}\u00bb][et_pb_text _builder_version=\u00bb4.18.0&#8243; _module_preset=\u00bbdefault\u00bb text_font_size=\u00bb18px\u00bb background_layout=\u00bbdark\u00bb global_colors_info=\u00bb{}\u00bb]<\/p>\n<p style=\"text-align: justify;\"><span style=\"font-weight: 400;\">Bienvenidos a nuestro curso en l\u00ednea sobre \u00abCandidaturas Independientes\u00bb. En el apasionante mundo de la pol\u00edtica y las elecciones, las candidaturas independientes han emergido como un elemento fundamental para la diversificaci\u00f3n y fortalecimiento de nuestra democracia. <\/span><\/p>\n<p style=\"text-align: justify;\"><span style=\"font-weight: 400;\">A lo largo de este curso, exploraremos los antecedentes hist\u00f3ricos, el marco legal, las ventajas y desaf\u00edos, as\u00ed como casos emblem\u00e1ticos que han marcado la pauta en este campo. Adem\u00e1s, examinaremos el impacto de las candidaturas independientes en la participaci\u00f3n ciudadana y en la configuraci\u00f3n del panorama pol\u00edtico en M\u00e9xico. <\/span><\/p>\n<p style=\"text-align: justify;\"><span style=\"font-weight: 400;\">Prep\u00e1rense para sumergirse en un tema relevante y din\u00e1mico que est\u00e1 en constante evoluci\u00f3n. \u00a1Comencemos!<\/span><\/p>\n<p>[\/et_pb_text][\/et_pb_column][\/et_pb_row][et_pb_row _builder_version=\u00bb4.18.0&#8243; _module_preset=\u00bbdefault\u00bb column_structure=\u00bb1_2,1_2&#8243;][et_pb_column _builder_version=\u00bb4.18.0&#8243; _module_preset=\u00bbdefault\u00bb type=\u00bb1_2&#8243;][et_pb_button button_url=\u00bbhttps:\/\/esred.mx\/course\/view.php?id=6&#8243; button_text=\u00bbInscr\u00edbete\u00bb button_alignment=\u00bbcenter\u00bb _builder_version=\u00bb4.18.0&#8243; _module_preset=\u00bbdefault\u00bb custom_button=\u00bbon\u00bb button_text_color=\u00bb#FFFFFF\u00bb button_bg_color=\u00bb#0A2A48&#8243; button_border_width=\u00bb0px\u00bb hover_enabled=\u00bb0&#8243; global_colors_info=\u00bb{}\u00bb button_bg_enable_color=\u00bbon\u00bb sticky_enabled=\u00bb0&#8243;][\/et_pb_button][\/et_pb_column][et_pb_column _builder_version=\u00bb4.18.0&#8243; _module_preset=\u00bbdefault\u00bb type=\u00bb1_2&#8243;][et_pb_button button_url=\u00bbhttps:\/\/esred.mx\/web\/inscripcion-asistida\/\u00bb button_text=\u00bbInscripci\u00f3n Asistida\u00bb button_alignment=\u00bbcenter\u00bb _builder_version=\u00bb4.18.0&#8243; _module_preset=\u00bbdefault\u00bb custom_button=\u00bbon\u00bb button_text_color=\u00bb#FFFFFF\u00bb button_bg_color=\u00bb#0A2A48&#8243; button_border_width=\u00bb0px\u00bb hover_enabled=\u00bb0&#8243; global_colors_info=\u00bb{}\u00bb button_bg_enable_color=\u00bbon\u00bb sticky_enabled=\u00bb0&#8243;][\/et_pb_button][\/et_pb_column][\/et_pb_row][\/et_pb_section][et_pb_section fb_built=\u00bb1&#8243; _builder_version=\u00bb4.18.0&#8243; _module_preset=\u00bbdefault\u00bb global_colors_info=\u00bb{}\u00bb][et_pb_row column_structure=\u00bb1_4,1_4,1_4,1_4&#8243; use_custom_gutter=\u00bbon\u00bb make_equal=\u00bbon\u00bb _builder_version=\u00bb4.18.0&#8243; _module_preset=\u00bbdefault\u00bb width=\u00bb90%\u00bb max_width=\u00bb1280px\u00bb module_alignment=\u00bbcenter\u00bb global_colors_info=\u00bb{}\u00bb][et_pb_column type=\u00bb1_4&#8243; _builder_version=\u00bb4.18.0&#8243; _module_preset=\u00bbdefault\u00bb global_colors_info=\u00bb{}\u00bb][et_pb_image src=\u00bbhttps:\/\/esred.mx\/web\/wp-content\/uploads\/2022\/10\/2_objetivo.png\u00bb title_text=\u00bb2_objetivo\u00bb align=\u00bbcenter\u00bb _builder_version=\u00bb4.18.0&#8243; _module_preset=\u00bbdefault\u00bb transform_scale=\u00bb65%|65%\u00bb global_colors_info=\u00bb{}\u00bb][\/et_pb_image][et_pb_text _builder_version=\u00bb4.18.0&#8243; _module_preset=\u00bbdefault\u00bb header_2_text_color=\u00bb#0A2A48&#8243; header_3_text_color=\u00bb#0A2A48&#8243; global_colors_info=\u00bb{}\u00bb]<\/p>\n<h3 style=\"text-align: center;\"><strong>OBJETIVO DEL CURSO<\/strong><\/h3>\n<p style=\"text-align: justify;\"><span style=\"font-weight: 400;\">Al finalizar el Curso los participantes contar\u00e1n con informaci\u00f3n precisa de lo que son las candidaturas independientes, c\u00f3mo es que la ciudadan\u00eda se puede postular, c\u00f3mo hacer el proceso de postulaci\u00f3n, los requisitos del apoyo ciudadano, su financiamiento, las franquicias y por qu\u00e9 cargo de representaci\u00f3n popular se postular\u00e1n, qui\u00e9nes son las autoridades que har\u00e1n la validaci\u00f3n de cada una de las etapas que la comprenden, as\u00ed como los derechos y obligaciones que tienen al participar.<\/span><\/p>\n<p>[\/et_pb_text][\/et_pb_column][et_pb_column type=\u00bb1_4&#8243; _builder_version=\u00bb4.18.0&#8243; _module_preset=\u00bbdefault\u00bb global_colors_info=\u00bb{}\u00bb][et_pb_image src=\u00bbhttps:\/\/esred.mx\/web\/wp-content\/uploads\/2022\/10\/3_ingreso.png\u00bb title_text=\u00bb3_ingreso\u00bb align=\u00bbcenter\u00bb _builder_version=\u00bb4.18.0&#8243; _module_preset=\u00bbdefault\u00bb transform_scale=\u00bb65%|65%\u00bb global_colors_info=\u00bb{}\u00bb][\/et_pb_image][et_pb_text _builder_version=\u00bb4.18.0&#8243; _module_preset=\u00bbdefault\u00bb header_text_color=\u00bb#0A2A48&#8243; header_3_text_color=\u00bb#0A2A48&#8243; global_colors_info=\u00bb{}\u00bb]<\/p>\n<h3 style=\"text-align: center;\"><strong>PERFIL DE INGRESO<\/strong><\/h3>\n<p style=\"text-align: justify;\"><span style=\"font-weight: 400;\">Dirigido a toda persona mayor de edad, interesada en adquirir la informaci\u00f3n necesaria para conocer o participar en una candidatura independiente<\/span><\/p>\n<p>[\/et_pb_text][\/et_pb_column][et_pb_column type=\u00bb1_4&#8243; _builder_version=\u00bb4.18.0&#8243; _module_preset=\u00bbdefault\u00bb global_colors_info=\u00bb{}\u00bb][et_pb_image src=\u00bbhttps:\/\/esred.mx\/web\/wp-content\/uploads\/2022\/10\/5_virtual.png\u00bb title_text=\u00bb5_virtual\u00bb align=\u00bbcenter\u00bb _builder_version=\u00bb4.18.0&#8243; _module_preset=\u00bbdefault\u00bb transform_scale=\u00bb65%|65%\u00bb global_colors_info=\u00bb{}\u00bb][\/et_pb_image][et_pb_text _builder_version=\u00bb4.18.0&#8243; _module_preset=\u00bbdefault\u00bb header_3_text_color=\u00bb#0A2A48&#8243; global_colors_info=\u00bb{}\u00bb]<\/p>\n<h3 style=\"text-align: center;\"><strong>PERFIL DE EGRESO<\/strong><\/h3>\n<p style=\"text-align: justify;\"><span style=\"font-weight: 400;\">Al concluir la totalidad de los 16 temas que contiene el curso o el cien por ciento del mismo, estar\u00e1 preparada o preparado para postularse a un cargo de elecci\u00f3n popular en M\u00e9xico, ya sea local, estatal o federal.<\/span><\/p>\n<p>[\/et_pb_text][\/et_pb_column][et_pb_column type=\u00bb1_4&#8243; _builder_version=\u00bb4.18.0&#8243; _module_preset=\u00bbdefault\u00bb global_colors_info=\u00bb{}\u00bb][et_pb_image src=\u00bbhttps:\/\/esred.mx\/web\/wp-content\/uploads\/2022\/10\/4_egreso.png\u00bb title_text=\u00bb4_egreso\u00bb align=\u00bbcenter\u00bb _builder_version=\u00bb4.18.0&#8243; _module_preset=\u00bbdefault\u00bb transform_scale=\u00bb65%|65%\u00bb global_colors_info=\u00bb{}\u00bb][\/et_pb_image][et_pb_text _builder_version=\u00bb4.18.0&#8243; _module_preset=\u00bbdefault\u00bb header_3_text_color=\u00bb#0A2A48&#8243; global_colors_info=\u00bb{}\u00bb]<\/p>\n<h3 style=\"text-align: center;\"><strong>MODALIDAD VIRTUAL<\/strong><\/h3>\n<p style=\"text-align: justify;\"><span style=\"font-weight: 400;\">El curso se presenta de manera virtual en la plataforma de ESRED, en un formato asincr\u00f3nico (grabado para revisarse cuando el participante lo desee) con lo que los participantes podr\u00e1n organizar sus tiempos Y actividades para capacitarse y avanzar conforme a sus propios objetivos personales y profesionales.<\/span><\/p>\n<p>[\/et_pb_text][\/et_pb_column][\/et_pb_row][\/et_pb_section][et_pb_section fb_built=\u00bb1&#8243; _builder_version=\u00bb4.18.0&#8243; _module_preset=\u00bbdefault\u00bb use_background_color_gradient=\u00bbon\u00bb background_color_gradient_direction=\u00bb90deg\u00bb background_color_gradient_stops=\u00bb#bb945a 0%|#bb945a 80%|#0a2a48 80%|#0a2a48 100%\u00bb min_height=\u00bb20px\u00bb max_height=\u00bb20px\u00bb custom_margin=\u00bb||||false|false\u00bb custom_padding=\u00bb0px||0px|||\u00bb global_colors_info=\u00bb{}\u00bb][et_pb_row _builder_version=\u00bb4.18.0&#8243; _module_preset=\u00bbdefault\u00bb max_height=\u00bb25px\u00bb global_colors_info=\u00bb{}\u00bb][et_pb_column type=\u00bb4_4&#8243; _builder_version=\u00bb4.18.0&#8243; _module_preset=\u00bbdefault\u00bb global_colors_info=\u00bb{}\u00bb][\/et_pb_column][\/et_pb_row][\/et_pb_section][et_pb_section fb_built=\u00bb1&#8243; _builder_version=\u00bb4.18.0&#8243; _module_preset=\u00bbdefault\u00bb custom_margin=\u00bb1px|||||\u00bb global_colors_info=\u00bb{}\u00bb][et_pb_row _builder_version=\u00bb4.18.0&#8243; _module_preset=\u00bbdefault\u00bb global_colors_info=\u00bb{}\u00bb][et_pb_column type=\u00bb4_4&#8243; _builder_version=\u00bb4.18.0&#8243; _module_preset=\u00bbdefault\u00bb global_colors_info=\u00bb{}\u00bb][et_pb_text _builder_version=\u00bb4.18.0&#8243; _module_preset=\u00bbdefault\u00bb text_font_size=\u00bb18px\u00bb header_2_text_color=\u00bb#BB945A\u00bb header_3_text_color=\u00bb#0A2A48&#8243; global_colors_info=\u00bb{}\u00bb]<\/p>\n<h2 style=\"text-align: center;\"><strong>DISE\u00d1O MODULAR<\/strong><\/h2>\n<p><span style=\"font-weight: 400;\">El curso integra 16 temas, adem\u00e1s de un Glosario de t\u00e9rminos y el sustento bibliogr\u00e1fico, la duraci\u00f3n es aproximada de 4 a 6 horas, acorde con el tiempo y ritmo de cada persona.<\/span><\/p>\n<p><span style=\"font-weight: 400;\">Cada tema se podr\u00e1 revisar cuantas veces se requiera o desee, al final hay una evaluaci\u00f3n del contenido y 3 intentos m\u00e1s, al concluir se podr\u00e1 descargar una constancia de participaci\u00f3n, esta se obtiene con una calificaci\u00f3n m\u00ednima de 8.<\/span><\/p>\n<p><span style=\"font-weight: 400;\"><\/span><\/p>\n<h3><span style=\"font-weight: 400;\">M\u00d3DULO 1. Del Proceso de Selecci\u00f3n de las Candidaturas Independientes<\/span><\/h3>\n<p><span style=\"font-weight: 400;\"><\/span><\/p>\n<h3><span style=\"font-weight: 400;\">M\u00d3DULO 2. La convocatoria para la selecci\u00f3n de las candidaturas independientes<\/span><\/h3>\n<p><span style=\"font-weight: 400;\"><\/span><\/p>\n<h3><span style=\"font-weight: 400;\">M\u00d3DULO 3. Requisitos para postularse en una candidatura independiente<\/span><\/h3>\n<p><span style=\"font-weight: 400;\"><\/span><\/p>\n<h3><span style=\"font-weight: 400;\">M\u00d3DULO 4. De la obtenci\u00f3n del apoyo ciudadano<\/span><\/h3>\n<p><span style=\"font-weight: 400;\"><\/span><\/p>\n<h3><span style=\"font-weight: 400;\">M\u00d3DULO 5. Derechos y obligaciones de los aspirantes<\/span><\/h3>\n<p><span style=\"font-weight: 400;\"><\/span><\/p>\n<h3><span style=\"font-weight: 400;\">M\u00d3DULO 6. Registro de candidaturas independientes<\/span><\/h3>\n<p><span style=\"font-weight: 400;\"><\/span><\/p>\n<h3><span style=\"font-weight: 400;\">M\u00d3DULO 7. Requisitos de elegibilidad<\/span><\/h3>\n<p><span style=\"font-weight: 400;\"><\/span><\/p>\n<h3><span style=\"font-weight: 400;\">M\u00d3DULO 8. Solicitud de registro<\/span><\/h3>\n<p><span style=\"font-weight: 400;\"><\/span><\/p>\n<h3><span style=\"font-weight: 400;\">M\u00d3DULO 9. Sustituci\u00f3n y cancelaci\u00f3n del registro de las candidaturas independientes<\/span><\/h3>\n<p><span style=\"font-weight: 400;\"><\/span><\/p>\n<h3><span style=\"font-weight: 400;\">M\u00d3DULO 10. Derechos y obligaciones de los candidatos independientes<\/span><\/h3>\n<p><span style=\"font-weight: 400;\"><\/span><\/p>\n<h3><span style=\"font-weight: 400;\">M\u00d3DULO 11. De sus representantes<\/span><\/h3>\n<p><span style=\"font-weight: 400;\"><\/span><\/p>\n<h3><span style=\"font-weight: 400;\">M\u00d3DULO 12. Del financiamiento<\/span><\/h3>\n<p><span style=\"font-weight: 400;\"><\/span><\/p>\n<h3><span style=\"font-weight: 400;\">M\u00d3DULO 13. Acceso a radio y televisi\u00f3n<\/span><\/h3>\n<p><span style=\"font-weight: 400;\"><\/span><\/p>\n<h3><span style=\"font-weight: 400;\">M\u00d3DULO 14. Franquicias postales<\/span><\/h3>\n<p><span style=\"font-weight: 400;\"><\/span><\/p>\n<h3><span style=\"font-weight: 400;\">M\u00d3DULO 15.Propaganda electoral<\/span><\/h3>\n<p><span style=\"font-weight: 400;\"><\/span><\/p>\n<h3><span style=\"font-weight: 400;\">M\u00d3DULO 16.Fiscalizaci\u00f3n<\/span><\/h3>\n<p><span style=\"font-weight: 400;\"><\/span><\/p>\n<p>[\/et_pb_text][\/et_pb_column][\/et_pb_row][et_pb_row column_structure=\u00bb1_3,1_3,1_3&#8243; _builder_version=\u00bb4.18.0&#8243; _module_preset=\u00bbdefault\u00bb global_colors_info=\u00bb{}\u00bb][et_pb_column type=\u00bb1_3&#8243; _builder_version=\u00bb4.18.0&#8243; _module_preset=\u00bbdefault\u00bb global_colors_info=\u00bb{}\u00bb][\/et_pb_column][et_pb_column type=\u00bb1_3&#8243; _builder_version=\u00bb4.18.0&#8243; _module_preset=\u00bbdefault\u00bb global_colors_info=\u00bb{}\u00bb][\/et_pb_column][et_pb_column type=\u00bb1_3&#8243; _builder_version=\u00bb4.18.0&#8243; _module_preset=\u00bbdefault\u00bb global_colors_info=\u00bb{}\u00bb][et_pb_button button_url=\u00bbhttps:\/\/esred.mx\/course\/view.php?id=6&#8243; button_text=\u00bbInscr\u00edbete\u00bb button_alignment=\u00bbcenter\u00bb _builder_version=\u00bb4.18.0&#8243; _module_preset=\u00bbdefault\u00bb custom_button=\u00bbon\u00bb button_text_color=\u00bb#FFFFFF\u00bb button_bg_color=\u00bb#BB945A\u00bb button_border_width=\u00bb0px\u00bb global_colors_info=\u00bb{}\u00bb][\/et_pb_button][\/et_pb_column][\/et_pb_row][et_pb_row column_structure=\u00bb1_3,1_3,1_3&#8243; _builder_version=\u00bb4.18.0&#8243; _module_preset=\u00bbdefault\u00bb global_colors_info=\u00bb{}\u00bb][et_pb_column type=\u00bb1_3&#8243; _builder_version=\u00bb4.18.0&#8243; _module_preset=\u00bbdefault\u00bb global_colors_info=\u00bb{}\u00bb][\/et_pb_column][et_pb_column type=\u00bb1_3&#8243; _builder_version=\u00bb4.18.0&#8243; _module_preset=\u00bbdefault\u00bb global_colors_info=\u00bb{}\u00bb][\/et_pb_column][et_pb_column type=\u00bb1_3&#8243; _builder_version=\u00bb4.18.0&#8243; _module_preset=\u00bbdefault\u00bb global_colors_info=\u00bb{}\u00bb][et_pb_button button_url=\u00bbhttps:\/\/esred.mx\/web\/inscripcion-asistida\/\u00bb button_text=\u00bbInscripci\u00f3n Asistida\u00bb button_alignment=\u00bbcenter\u00bb _builder_version=\u00bb4.18.0&#8243; _module_preset=\u00bbdefault\u00bb custom_button=\u00bbon\u00bb button_text_color=\u00bb#FFFFFF\u00bb button_bg_color=\u00bb#BB945A\u00bb button_border_width=\u00bb0px\u00bb global_colors_info=\u00bb{}\u00bb][\/et_pb_button][\/et_pb_column][\/et_pb_row][\/et_pb_section]<\/p>\n","protected":false},"excerpt":{"rendered":"<p>CANDIDATURAS INDEPENDIENTES Curso de capacitaci\u00f3nLO QUE NOS MUEVEBienvenidos a nuestro curso en l\u00ednea sobre \u00abCandidaturas Independientes\u00bb. En el apasionante mundo de la pol\u00edtica y las elecciones, las candidaturas independientes han emergido como un elemento fundamental para la diversificaci\u00f3n y fortalecimiento de nuestra democracia. A lo largo de este curso, exploraremos los antecedentes hist\u00f3ricos, el marco [&hellip;]<\/p>\n","protected":false},"author":1,"featured_media":0,"parent":0,"menu_order":0,"comment_status":"closed","ping_status":"closed","template":"","meta":{"_et_pb_use_builder":"on","_et_pb_old_content":"","_et_gb_content_width":"","_crdt_document":"","footnotes":""},"class_list":["post-401","page","type-page","status-publish","hentry"],"yoast_head":"<!-- This site is optimized with the Yoast SEO plugin v27.6 - https:\/\/yoast.com\/product\/yoast-seo-wordpress\/ -->\n<title>Candidaturas Independientes - Esred<\/title>\n<meta name=\"robots\" content=\"index, follow, max-snippet:-1, max-image-preview:large, max-video-preview:-1\" \/>\n<link rel=\"canonical\" href=\"https:\/\/esred.mx\/web\/candidaturas-independientes-3\/\" \/>\n<meta property=\"og:locale\" content=\"es_ES\" \/>\n<meta property=\"og:type\" content=\"article\" \/>\n<meta property=\"og:title\" content=\"Candidaturas Independientes - Esred\" \/>\n<meta property=\"og:description\" content=\"CANDIDATURAS INDEPENDIENTES Curso de capacitaci\u00f3nLO QUE NOS MUEVEBienvenidos a nuestro curso en l\u00ednea sobre &quot;Candidaturas Independientes&quot;. En el apasionante mundo de la pol\u00edtica y las elecciones, las candidaturas independientes han emergido como un elemento fundamental para la diversificaci\u00f3n y fortalecimiento de nuestra democracia. A lo largo de este curso, exploraremos los antecedentes hist\u00f3ricos, el marco [&hellip;]\" \/>\n<meta property=\"og:url\" content=\"https:\/\/esred.mx\/web\/candidaturas-independientes-3\/\" \/>\n<meta property=\"og:site_name\" content=\"Esred\" \/>\n<meta property=\"article:modified_time\" content=\"2023-09-14T18:42:25+00:00\" \/>\n<meta name=\"twitter:card\" content=\"summary_large_image\" \/>\n<meta name=\"twitter:label1\" content=\"Tiempo de lectura\" \/>\n\t<meta name=\"twitter:data1\" content=\"4 minutos\" \/>\n<script type=\"application\/ld+json\" class=\"yoast-schema-graph\">{\"@context\":\"https:\\\/\\\/schema.org\",\"@graph\":[{\"@type\":\"WebPage\",\"@id\":\"https:\\\/\\\/esred.mx\\\/web\\\/candidaturas-independientes-3\\\/\",\"url\":\"https:\\\/\\\/esred.mx\\\/web\\\/candidaturas-independientes-3\\\/\",\"name\":\"Candidaturas Independientes - Esred\",\"isPartOf\":{\"@id\":\"https:\\\/\\\/esred.mx\\\/web\\\/#website\"},\"datePublished\":\"2023-09-14T18:07:38+00:00\",\"dateModified\":\"2023-09-14T18:42:25+00:00\",\"breadcrumb\":{\"@id\":\"https:\\\/\\\/esred.mx\\\/web\\\/candidaturas-independientes-3\\\/#breadcrumb\"},\"inLanguage\":\"es\",\"potentialAction\":[{\"@type\":\"ReadAction\",\"target\":[\"https:\\\/\\\/esred.mx\\\/web\\\/candidaturas-independientes-3\\\/\"]}]},{\"@type\":\"BreadcrumbList\",\"@id\":\"https:\\\/\\\/esred.mx\\\/web\\\/candidaturas-independientes-3\\\/#breadcrumb\",\"itemListElement\":[{\"@type\":\"ListItem\",\"position\":1,\"name\":\"Portada\",\"item\":\"https:\\\/\\\/esred.mx\\\/web\\\/\"},{\"@type\":\"ListItem\",\"position\":2,\"name\":\"Candidaturas Independientes\"}]},{\"@type\":\"WebSite\",\"@id\":\"https:\\\/\\\/esred.mx\\\/web\\\/#website\",\"url\":\"https:\\\/\\\/esred.mx\\\/web\\\/\",\"name\":\"Esred\",\"description\":\"Educaci\u00f3n y Sociedad en RED\",\"potentialAction\":[{\"@type\":\"SearchAction\",\"target\":{\"@type\":\"EntryPoint\",\"urlTemplate\":\"https:\\\/\\\/esred.mx\\\/web\\\/?s={search_term_string}\"},\"query-input\":{\"@type\":\"PropertyValueSpecification\",\"valueRequired\":true,\"valueName\":\"search_term_string\"}}],\"inLanguage\":\"es\"}]}<\/script>\n<!-- \/ Yoast SEO plugin. -->","yoast_head_json":{"title":"Candidaturas Independientes - Esred","robots":{"index":"index","follow":"follow","max-snippet":"max-snippet:-1","max-image-preview":"max-image-preview:large","max-video-preview":"max-video-preview:-1"},"canonical":"https:\/\/esred.mx\/web\/candidaturas-independientes-3\/","og_locale":"es_ES","og_type":"article","og_title":"Candidaturas Independientes - Esred","og_description":"CANDIDATURAS INDEPENDIENTES Curso de capacitaci\u00f3nLO QUE NOS MUEVEBienvenidos a nuestro curso en l\u00ednea sobre \"Candidaturas Independientes\". En el apasionante mundo de la pol\u00edtica y las elecciones, las candidaturas independientes han emergido como un elemento fundamental para la diversificaci\u00f3n y fortalecimiento de nuestra democracia. A lo largo de este curso, exploraremos los antecedentes hist\u00f3ricos, el marco [&hellip;]","og_url":"https:\/\/esred.mx\/web\/candidaturas-independientes-3\/","og_site_name":"Esred","article_modified_time":"2023-09-14T18:42:25+00:00","twitter_card":"summary_large_image","twitter_misc":{"Tiempo de lectura":"4 minutos"},"schema":{"@context":"https:\/\/schema.org","@graph":[{"@type":"WebPage","@id":"https:\/\/esred.mx\/web\/candidaturas-independientes-3\/","url":"https:\/\/esred.mx\/web\/candidaturas-independientes-3\/","name":"Candidaturas Independientes - Esred","isPartOf":{"@id":"https:\/\/esred.mx\/web\/#website"},"datePublished":"2023-09-14T18:07:38+00:00","dateModified":"2023-09-14T18:42:25+00:00","breadcrumb":{"@id":"https:\/\/esred.mx\/web\/candidaturas-independientes-3\/#breadcrumb"},"inLanguage":"es","potentialAction":[{"@type":"ReadAction","target":["https:\/\/esred.mx\/web\/candidaturas-independientes-3\/"]}]},{"@type":"BreadcrumbList","@id":"https:\/\/esred.mx\/web\/candidaturas-independientes-3\/#breadcrumb","itemListElement":[{"@type":"ListItem","position":1,"name":"Portada","item":"https:\/\/esred.mx\/web\/"},{"@type":"ListItem","position":2,"name":"Candidaturas Independientes"}]},{"@type":"WebSite","@id":"https:\/\/esred.mx\/web\/#website","url":"https:\/\/esred.mx\/web\/","name":"Esred","description":"Educaci\u00f3n y Sociedad en RED","potentialAction":[{"@type":"SearchAction","target":{"@type":"EntryPoint","urlTemplate":"https:\/\/esred.mx\/web\/?s={search_term_string}"},"query-input":{"@type":"PropertyValueSpecification","valueRequired":true,"valueName":"search_term_string"}}],"inLanguage":"es"}]}},"jetpack-related-posts":[],"jetpack_sharing_enabled":true,"_links":{"self":[{"href":"https:\/\/esred.mx\/web\/wp-json\/wp\/v2\/pages\/401","targetHints":{"allow":["GET"]}}],"collection":[{"href":"https:\/\/esred.mx\/web\/wp-json\/wp\/v2\/pages"}],"about":[{"href":"https:\/\/esred.mx\/web\/wp-json\/wp\/v2\/types\/page"}],"author":[{"embeddable":true,"href":"https:\/\/esred.mx\/web\/wp-json\/wp\/v2\/users\/1"}],"replies":[{"embeddable":true,"href":"https:\/\/esred.mx\/web\/wp-json\/wp\/v2\/comments?post=401"}],"version-history":[{"count":5,"href":"https:\/\/esred.mx\/web\/wp-json\/wp\/v2\/pages\/401\/revisions"}],"predecessor-version":[{"id":419,"href":"https:\/\/esred.mx\/web\/wp-json\/wp\/v2\/pages\/401\/revisions\/419"}],"wp:attachment":[{"href":"https:\/\/esred.mx\/web\/wp-json\/wp\/v2\/media?parent=401"}],"curies":[{"name":"wp","href":"https:\/\/api.w.org\/{rel}","templated":true}]}}