{"id":375,"date":"2023-09-14T14:54:55","date_gmt":"2023-09-14T14:54:55","guid":{"rendered":"https:\/\/esred.mx\/web\/?page_id=375"},"modified":"2023-09-14T18:43:17","modified_gmt":"2023-09-14T18:43:17","slug":"violencia-politica","status":"publish","type":"page","link":"https:\/\/esred.mx\/web\/violencia-politica\/","title":{"rendered":"Violencia Pol\u00edtica"},"content":{"rendered":"<p>[et_pb_section fb_built=\u00bb1&#8243; _builder_version=\u00bb4.18.0&#8243; _module_preset=\u00bbdefault\u00bb background_image=\u00bbhttps:\/\/esred.mx\/web\/wp-content\/uploads\/2023\/09\/esred-VIOLENCIA-POLITICA-VS-LAS-MUJERES.png\u00bb global_colors_info=\u00bb{}\u00bb][et_pb_row _builder_version=\u00bb4.18.0&#8243; _module_preset=\u00bbdefault\u00bb global_colors_info=\u00bb{}\u00bb][et_pb_column type=\u00bb4_4&#8243; _builder_version=\u00bb4.18.0&#8243; _module_preset=\u00bbdefault\u00bb global_colors_info=\u00bb{}\u00bb][et_pb_text _builder_version=\u00bb4.18.0&#8243; _module_preset=\u00bbdefault\u00bb header_text_color=\u00bb#FFFFFF\u00bb header_2_text_color=\u00bb#BB945A\u00bb global_colors_info=\u00bb{}\u00bb]<\/p>\n<h1>Violencia Pol\u00edtica Contra las Mujeres en Raz\u00f3n de G\u00e9nero (VPCMRG)<\/h1>\n<h2>Curso de capacitaci\u00f3n<\/h2>\n<p>[\/et_pb_text][\/et_pb_column][\/et_pb_row][et_pb_row column_structure=\u00bb1_3,1_3,1_3&#8243; _builder_version=\u00bb4.18.0&#8243; _module_preset=\u00bbdefault\u00bb global_colors_info=\u00bb{}\u00bb][et_pb_column type=\u00bb1_3&#8243; _builder_version=\u00bb4.18.0&#8243; _module_preset=\u00bbdefault\u00bb global_colors_info=\u00bb{}\u00bb][et_pb_text _builder_version=\u00bb4.18.0&#8243; _module_preset=\u00bbdefault\u00bb header_2_text_color=\u00bb#FFFFFF\u00bb background_color=\u00bb#0A2A48&#8243; width=\u00bb82%\u00bb custom_margin=\u00bb|36px|||false|false\u00bb custom_padding=\u00bb10px|15px|5px|15px|false|false\u00bb header_2_text_color_tablet=\u00bb#FFFFFF\u00bb header_2_text_color_phone=\u00bb#FFFFFF\u00bb header_2_text_color_last_edited=\u00bbon|tablet\u00bb background_color_tablet=\u00bbRGBA(255,255,255,0)\u00bb background_last_edited=\u00bbon|tablet\u00bb background_enable_color_tablet=\u00bbon\u00bb global_colors_info=\u00bb{}\u00bb]<\/p>\n<h2><strong>LO QUE NOS MUEVE<\/strong><\/h2>\n<p>[\/et_pb_text][\/et_pb_column][et_pb_column type=\u00bb1_3&#8243; _builder_version=\u00bb4.18.0&#8243; _module_preset=\u00bbdefault\u00bb global_colors_info=\u00bb{}\u00bb][\/et_pb_column][et_pb_column type=\u00bb1_3&#8243; _builder_version=\u00bb4.18.0&#8243; _module_preset=\u00bbdefault\u00bb global_colors_info=\u00bb{}\u00bb][\/et_pb_column][\/et_pb_row][et_pb_row _builder_version=\u00bb4.18.0&#8243; _module_preset=\u00bbdefault\u00bb global_colors_info=\u00bb{}\u00bb][et_pb_column type=\u00bb4_4&#8243; _builder_version=\u00bb4.18.0&#8243; _module_preset=\u00bbdefault\u00bb global_colors_info=\u00bb{}\u00bb][et_pb_text _builder_version=\u00bb4.18.0&#8243; _module_preset=\u00bbdefault\u00bb text_font_size=\u00bb18px\u00bb background_layout=\u00bbdark\u00bb global_colors_info=\u00bb{}\u00bb]<\/p>\n<p><span style=\"font-weight: 400;\">Este curso tiene como objetivo proporcionar herramientas y recursos para prevenir la violencia pol\u00edtica en raz\u00f3n de g\u00e9nero en una candidatura a cargo de elecci\u00f3n popular en M\u00e9xico. <\/span><\/p>\n<p><span style=\"font-weight: 400;\">La violencia pol\u00edtica contra las mujeres en raz\u00f3n de g\u00e9nero es una forma de discriminaci\u00f3n y violencia que afecta principalmente a las mujeres que participan en la vida\u00a0<\/span><span style=\"font-weight: 400;\">pol\u00edtica y electoral, y que puede manifestarse de diversas formas,como el acoso sexual, la difamaci\u00f3n, la intimidaci\u00f3n y la exclusi\u00f3n.<\/span><\/p>\n<p>[\/et_pb_text][\/et_pb_column][\/et_pb_row][et_pb_row _builder_version=\u00bb4.18.0&#8243; _module_preset=\u00bbdefault\u00bb column_structure=\u00bb1_2,1_2&#8243;][et_pb_column _builder_version=\u00bb4.18.0&#8243; _module_preset=\u00bbdefault\u00bb type=\u00bb1_2&#8243;][et_pb_button button_url=\u00bbhttps:\/\/esred.mx\/course\/view.php?id=7&#8243; button_text=\u00bbInscr\u00edbete\u00bb button_alignment=\u00bbcenter\u00bb _builder_version=\u00bb4.18.0&#8243; _module_preset=\u00bbdefault\u00bb custom_button=\u00bbon\u00bb button_text_color=\u00bb#FFFFFF\u00bb button_bg_color=\u00bb#BB945A\u00bb button_border_width=\u00bb0px\u00bb global_colors_info=\u00bb{}\u00bb][\/et_pb_button][\/et_pb_column][et_pb_column _builder_version=\u00bb4.18.0&#8243; _module_preset=\u00bbdefault\u00bb type=\u00bb1_2&#8243;][et_pb_button button_url=\u00bbhttps:\/\/esred.mx\/web\/inscripcion-asistida\/\u00bb button_text=\u00bbInscripci\u00f3n Asistida\u00bb button_alignment=\u00bbcenter\u00bb _builder_version=\u00bb4.18.0&#8243; _module_preset=\u00bbdefault\u00bb custom_button=\u00bbon\u00bb button_text_color=\u00bb#FFFFFF\u00bb button_bg_color=\u00bb#BB945A\u00bb button_border_width=\u00bb0px\u00bb global_colors_info=\u00bb{}\u00bb][\/et_pb_button][\/et_pb_column][\/et_pb_row][\/et_pb_section][et_pb_section fb_built=\u00bb1&#8243; _builder_version=\u00bb4.18.0&#8243; _module_preset=\u00bbdefault\u00bb global_colors_info=\u00bb{}\u00bb][et_pb_row column_structure=\u00bb1_4,1_4,1_4,1_4&#8243; use_custom_gutter=\u00bbon\u00bb make_equal=\u00bbon\u00bb _builder_version=\u00bb4.18.0&#8243; _module_preset=\u00bbdefault\u00bb width=\u00bb90%\u00bb max_width=\u00bb1280px\u00bb module_alignment=\u00bbcenter\u00bb global_colors_info=\u00bb{}\u00bb][et_pb_column type=\u00bb1_4&#8243; _builder_version=\u00bb4.18.0&#8243; _module_preset=\u00bbdefault\u00bb global_colors_info=\u00bb{}\u00bb][et_pb_image src=\u00bbhttps:\/\/esred.mx\/web\/wp-content\/uploads\/2022\/10\/2_objetivo.png\u00bb title_text=\u00bb2_objetivo\u00bb align=\u00bbcenter\u00bb _builder_version=\u00bb4.18.0&#8243; _module_preset=\u00bbdefault\u00bb transform_scale=\u00bb65%|65%\u00bb global_colors_info=\u00bb{}\u00bb][\/et_pb_image][et_pb_text _builder_version=\u00bb4.18.0&#8243; _module_preset=\u00bbdefault\u00bb header_2_text_color=\u00bb#0A2A48&#8243; header_3_text_color=\u00bb#0A2A48&#8243; global_colors_info=\u00bb{}\u00bb]<\/p>\n<h3 style=\"text-align: center;\"><strong>OBJETIVO DEL CURSO<\/strong><\/h3>\n<p style=\"text-align: justify;\"><span style=\"font-weight: 400;\">Al finalizar el Curso los y las participantes contar\u00e1n con informaci\u00f3n precisa de lo qu\u00e9 es La Violencia Pol\u00edtica contra las Mujeres en raz\u00f3n de G\u00e9nero (VPCMRG), su definici\u00f3n, el Marco Legal, c\u00f3mo identificar los riesgos, algunas buenas pr\u00e1cticas a adoptar, tipos de violencia, formatos para presentar quejas y denuncias, delitos en materia de VPCMRG y bibliograf\u00eda complementaria.<\/span><\/p>\n<p>[\/et_pb_text][\/et_pb_column][et_pb_column type=\u00bb1_4&#8243; _builder_version=\u00bb4.18.0&#8243; _module_preset=\u00bbdefault\u00bb global_colors_info=\u00bb{}\u00bb][et_pb_image src=\u00bbhttps:\/\/esred.mx\/web\/wp-content\/uploads\/2022\/10\/3_ingreso.png\u00bb title_text=\u00bb3_ingreso\u00bb align=\u00bbcenter\u00bb _builder_version=\u00bb4.18.0&#8243; _module_preset=\u00bbdefault\u00bb transform_scale=\u00bb65%|65%\u00bb global_colors_info=\u00bb{}\u00bb][\/et_pb_image][et_pb_text _builder_version=\u00bb4.18.0&#8243; _module_preset=\u00bbdefault\u00bb header_text_color=\u00bb#0A2A48&#8243; header_3_text_color=\u00bb#0A2A48&#8243; global_colors_info=\u00bb{}\u00bb]<\/p>\n<h3 style=\"text-align: center;\"><strong>PERFIL DE INGRESO<\/strong><\/h3>\n<p style=\"text-align: justify;\"><span style=\"font-weight: 400;\">Dirigido a toda persona mayor de edad, interesada en adquirir la informaci\u00f3n necesaria para conocer o denunciar VPCMRG.<\/span><\/p>\n<p>[\/et_pb_text][\/et_pb_column][et_pb_column type=\u00bb1_4&#8243; _builder_version=\u00bb4.18.0&#8243; _module_preset=\u00bbdefault\u00bb global_colors_info=\u00bb{}\u00bb][et_pb_image src=\u00bbhttps:\/\/esred.mx\/web\/wp-content\/uploads\/2022\/10\/5_virtual.png\u00bb title_text=\u00bb5_virtual\u00bb align=\u00bbcenter\u00bb _builder_version=\u00bb4.18.0&#8243; _module_preset=\u00bbdefault\u00bb transform_scale=\u00bb65%|65%\u00bb global_colors_info=\u00bb{}\u00bb][\/et_pb_image][et_pb_text _builder_version=\u00bb4.18.0&#8243; _module_preset=\u00bbdefault\u00bb header_3_text_color=\u00bb#0A2A48&#8243; global_colors_info=\u00bb{}\u00bb]<\/p>\n<h3 style=\"text-align: center;\"><strong>PERFIL DE EGRESO<\/strong><\/h3>\n<p style=\"text-align: justify;\"><span style=\"font-weight: 400;\">Al concluir la totalidad de los 10 temas que contiene el curso o el cien por ciento del mismo, la persona contar\u00e1 con la preparaci\u00f3n para identificar con claridad la VPCMRG y saber c\u00f3mo y ante qu\u00e9 autoridad puede presentar una queja o denuncia <\/span><\/p>\n<p>[\/et_pb_text][\/et_pb_column][et_pb_column type=\u00bb1_4&#8243; _builder_version=\u00bb4.18.0&#8243; _module_preset=\u00bbdefault\u00bb global_colors_info=\u00bb{}\u00bb][et_pb_image src=\u00bbhttps:\/\/esred.mx\/web\/wp-content\/uploads\/2022\/10\/4_egreso.png\u00bb title_text=\u00bb4_egreso\u00bb align=\u00bbcenter\u00bb _builder_version=\u00bb4.18.0&#8243; _module_preset=\u00bbdefault\u00bb transform_scale=\u00bb65%|65%\u00bb global_colors_info=\u00bb{}\u00bb][\/et_pb_image][et_pb_text _builder_version=\u00bb4.18.0&#8243; _module_preset=\u00bbdefault\u00bb header_3_text_color=\u00bb#0A2A48&#8243; global_colors_info=\u00bb{}\u00bb]<\/p>\n<h3 style=\"text-align: center;\"><strong>MODALIDAD VIRTUAL<\/strong><\/h3>\n<p style=\"text-align: justify;\"><span style=\"font-weight: 400;\">El curso se presenta de manera virtual en la plataforma de ESRED, en un formato asincr\u00f3nico (grabado para revisarse cuando la persona participante lo desee) as\u00ed podr\u00e1 organizar sus tiempos y actividades para capacitarse y avanzar conforme a sus propios objetivos personales y profesionales.<\/span><\/p>\n<p>[\/et_pb_text][\/et_pb_column][\/et_pb_row][\/et_pb_section][et_pb_section fb_built=\u00bb1&#8243; _builder_version=\u00bb4.18.0&#8243; _module_preset=\u00bbdefault\u00bb use_background_color_gradient=\u00bbon\u00bb background_color_gradient_direction=\u00bb90deg\u00bb background_color_gradient_stops=\u00bb#bb945a 0%|#bb945a 80%|#0a2a48 80%|#0a2a48 100%\u00bb min_height=\u00bb20px\u00bb max_height=\u00bb20px\u00bb custom_margin=\u00bb||||false|false\u00bb custom_padding=\u00bb0px||0px|||\u00bb global_colors_info=\u00bb{}\u00bb][et_pb_row _builder_version=\u00bb4.18.0&#8243; _module_preset=\u00bbdefault\u00bb max_height=\u00bb25px\u00bb global_colors_info=\u00bb{}\u00bb][et_pb_column type=\u00bb4_4&#8243; _builder_version=\u00bb4.18.0&#8243; _module_preset=\u00bbdefault\u00bb global_colors_info=\u00bb{}\u00bb][\/et_pb_column][\/et_pb_row][\/et_pb_section][et_pb_section fb_built=\u00bb1&#8243; _builder_version=\u00bb4.18.0&#8243; _module_preset=\u00bbdefault\u00bb custom_margin=\u00bb1px|||||\u00bb global_colors_info=\u00bb{}\u00bb][et_pb_row _builder_version=\u00bb4.18.0&#8243; _module_preset=\u00bbdefault\u00bb global_colors_info=\u00bb{}\u00bb][et_pb_column type=\u00bb4_4&#8243; _builder_version=\u00bb4.18.0&#8243; _module_preset=\u00bbdefault\u00bb global_colors_info=\u00bb{}\u00bb][et_pb_text _builder_version=\u00bb4.18.0&#8243; _module_preset=\u00bbdefault\u00bb text_font_size=\u00bb18px\u00bb header_2_text_color=\u00bb#BB945A\u00bb header_3_text_color=\u00bb#0A2A48&#8243; global_colors_info=\u00bb{}\u00bb]<\/p>\n<h2 style=\"text-align: center;\"><strong>DISE\u00d1O MODULAR<\/strong><\/h2>\n<p style=\"text-align: justify;\"><span style=\"font-weight: 400;\">El curso integra 10 temas, adem\u00e1s de palabras clave, siglas, abreviaturas, formularios y el sustento bibliogr\u00e1fico, la duraci\u00f3n es de aproximadamente entre 3 a 5 horas, de acuerdo con el tiempo y ritmo de lectura de cada persona.<\/span><\/p>\n<p style=\"text-align: justify;\"><span style=\"font-weight: 400;\">Cada tema se podr\u00e1 revisar cuantas veces se requiera o desee, al final hay una evaluaci\u00f3n del contenido y 3 intentos m\u00e1s, al concluir se podr\u00e1 descargar una constancia de participaci\u00f3n, esta se obtiene con una calificaci\u00f3n m\u00ednima de 8.<\/span><\/p>\n<p style=\"text-align: justify;\"><span style=\"font-weight: 400;\"><\/span><\/p>\n<h3><strong>M\u00d3DULO1. Objetivo del curso<\/strong><strong><\/strong><\/h3>\n<p><strong><\/strong><\/p>\n<h3><strong>M\u00d3DULO 2. Definici\u00f3n<\/strong><\/h3>\n<p><strong><\/strong><\/p>\n<h3><strong>M\u00d3DULO 3. Marco Legal<\/strong><\/h3>\n<p><strong><\/strong><\/p>\n<h3><strong>M\u00d3DULO4. Identificaci\u00f3n de riesgos<\/strong><\/h3>\n<p><strong><\/strong><\/p>\n<h3><strong>M\u00d3DULO 5. Buenas pr\u00e1cticas<\/strong><\/h3>\n<p><strong><\/strong><\/p>\n<h3><strong>M\u00d3DULO 6. \u00bfC\u00f3mo puede manifestarse la violencia?<\/strong><\/h3>\n<p><strong><\/strong><\/p>\n<h3><strong>M\u00d3DULO 7. Queja y denuncias<\/strong><\/h3>\n<p><strong><\/strong><\/p>\n<h3><strong>M\u00d3DULO 8. Delitos VPCMRG<\/strong><\/h3>\n<p><strong><\/strong><\/p>\n<h3><strong>M\u00d3DULO 9. Conductas o tipos penales VPCMRG<\/strong><\/h3>\n<p><strong><\/strong><\/p>\n<h3><strong>M\u00d3DULO 1O. Formulario para denunciar VPCMRG<\/strong><\/h3>\n<p><strong><\/strong><\/p>\n<h3><strong>M\u00d3DULO11. Anexos y bibliografia<\/strong><\/h3>\n<p><strong><\/strong><\/p>\n<p>[\/et_pb_text][\/et_pb_column][\/et_pb_row][et_pb_row column_structure=\u00bb1_3,1_3,1_3&#8243; _builder_version=\u00bb4.18.0&#8243; _module_preset=\u00bbdefault\u00bb global_colors_info=\u00bb{}\u00bb][et_pb_column type=\u00bb1_3&#8243; _builder_version=\u00bb4.18.0&#8243; _module_preset=\u00bbdefault\u00bb global_colors_info=\u00bb{}\u00bb][\/et_pb_column][et_pb_column type=\u00bb1_3&#8243; _builder_version=\u00bb4.18.0&#8243; _module_preset=\u00bbdefault\u00bb global_colors_info=\u00bb{}\u00bb][\/et_pb_column][et_pb_column type=\u00bb1_3&#8243; _builder_version=\u00bb4.18.0&#8243; _module_preset=\u00bbdefault\u00bb global_colors_info=\u00bb{}\u00bb][et_pb_button button_url=\u00bbhttps:\/\/esred.mx\/course\/view.php?id=7&#8243; button_text=\u00bbInscr\u00edbete\u00bb button_alignment=\u00bbcenter\u00bb _builder_version=\u00bb4.18.0&#8243; _module_preset=\u00bbdefault\u00bb custom_button=\u00bbon\u00bb button_text_color=\u00bb#FFFFFF\u00bb button_bg_color=\u00bb#BB945A\u00bb button_border_width=\u00bb0px\u00bb global_colors_info=\u00bb{}\u00bb][\/et_pb_button][\/et_pb_column][\/et_pb_row][et_pb_row column_structure=\u00bb1_3,1_3,1_3&#8243; _builder_version=\u00bb4.18.0&#8243; _module_preset=\u00bbdefault\u00bb global_colors_info=\u00bb{}\u00bb][et_pb_column type=\u00bb1_3&#8243; _builder_version=\u00bb4.18.0&#8243; _module_preset=\u00bbdefault\u00bb global_colors_info=\u00bb{}\u00bb][\/et_pb_column][et_pb_column type=\u00bb1_3&#8243; _builder_version=\u00bb4.18.0&#8243; _module_preset=\u00bbdefault\u00bb global_colors_info=\u00bb{}\u00bb][\/et_pb_column][et_pb_column type=\u00bb1_3&#8243; _builder_version=\u00bb4.18.0&#8243; _module_preset=\u00bbdefault\u00bb global_colors_info=\u00bb{}\u00bb][et_pb_button button_url=\u00bbhttps:\/\/esred.mx\/web\/inscripcion-asistida\/\u00bb button_text=\u00bbInscripci\u00f3n Asistida\u00bb button_alignment=\u00bbcenter\u00bb _builder_version=\u00bb4.18.0&#8243; _module_preset=\u00bbdefault\u00bb custom_button=\u00bbon\u00bb button_text_color=\u00bb#FFFFFF\u00bb button_bg_color=\u00bb#BB945A\u00bb button_border_width=\u00bb0px\u00bb global_colors_info=\u00bb{}\u00bb][\/et_pb_button][\/et_pb_column][\/et_pb_row][\/et_pb_section]<\/p>\n","protected":false},"excerpt":{"rendered":"<p>Violencia Pol\u00edtica Contra las Mujeres en Raz\u00f3n de G\u00e9nero (VPCMRG) Curso de capacitaci\u00f3nLO QUE NOS MUEVEEste curso tiene como objetivo proporcionar herramientas y recursos para prevenir la violencia pol\u00edtica en raz\u00f3n de g\u00e9nero en una candidatura a cargo de elecci\u00f3n popular en M\u00e9xico. La violencia pol\u00edtica contra las mujeres en raz\u00f3n de g\u00e9nero es una [&hellip;]<\/p>\n","protected":false},"author":1,"featured_media":387,"parent":0,"menu_order":0,"comment_status":"closed","ping_status":"closed","template":"","meta":{"_et_pb_use_builder":"on","_et_pb_old_content":"","_et_gb_content_width":"","_crdt_document":"","footnotes":""},"class_list":["post-375","page","type-page","status-publish","has-post-thumbnail","hentry"],"yoast_head":"<!-- This site is optimized with the Yoast SEO plugin v27.6 - https:\/\/yoast.com\/product\/yoast-seo-wordpress\/ -->\n<title>Violencia Pol\u00edtica - Esred<\/title>\n<meta name=\"description\" content=\"Proporcionar herramientas para prevenir la violencia pol\u00edtica en raz\u00f3n de g\u00e9nero en una candidatura a cargo de elecci\u00f3n popular en M\u00e9xico.\" \/>\n<meta name=\"robots\" content=\"index, follow, max-snippet:-1, max-image-preview:large, max-video-preview:-1\" \/>\n<link rel=\"canonical\" href=\"https:\/\/esred.mx\/web\/violencia-politica\/\" \/>\n<meta property=\"og:locale\" content=\"es_ES\" \/>\n<meta property=\"og:type\" content=\"article\" \/>\n<meta property=\"og:title\" content=\"Violencia Pol\u00edtica - Esred\" \/>\n<meta property=\"og:description\" content=\"Proporcionar herramientas para prevenir la violencia pol\u00edtica en raz\u00f3n de g\u00e9nero en una candidatura a cargo de elecci\u00f3n popular en M\u00e9xico.\" \/>\n<meta property=\"og:url\" content=\"https:\/\/esred.mx\/web\/violencia-politica\/\" \/>\n<meta property=\"og:site_name\" content=\"Esred\" \/>\n<meta property=\"article:modified_time\" content=\"2023-09-14T18:43:17+00:00\" \/>\n<meta property=\"og:image\" content=\"https:\/\/esred.mx\/web\/wp-content\/uploads\/2023\/09\/VIOLENCIA-POLITICA.png\" \/>\n\t<meta property=\"og:image:width\" content=\"651\" \/>\n\t<meta property=\"og:image:height\" content=\"898\" \/>\n\t<meta property=\"og:image:type\" content=\"image\/png\" \/>\n<meta name=\"twitter:card\" content=\"summary_large_image\" \/>\n<meta name=\"twitter:label1\" content=\"Tiempo de lectura\" \/>\n\t<meta name=\"twitter:data1\" content=\"4 minutos\" \/>\n<script type=\"application\/ld+json\" class=\"yoast-schema-graph\">{\"@context\":\"https:\\\/\\\/schema.org\",\"@graph\":[{\"@type\":\"WebPage\",\"@id\":\"https:\\\/\\\/esred.mx\\\/web\\\/violencia-politica\\\/\",\"url\":\"https:\\\/\\\/esred.mx\\\/web\\\/violencia-politica\\\/\",\"name\":\"Violencia Pol\u00edtica - Esred\",\"isPartOf\":{\"@id\":\"https:\\\/\\\/esred.mx\\\/web\\\/#website\"},\"primaryImageOfPage\":{\"@id\":\"https:\\\/\\\/esred.mx\\\/web\\\/violencia-politica\\\/#primaryimage\"},\"image\":{\"@id\":\"https:\\\/\\\/esred.mx\\\/web\\\/violencia-politica\\\/#primaryimage\"},\"thumbnailUrl\":\"https:\\\/\\\/i0.wp.com\\\/esred.mx\\\/web\\\/wp-content\\\/uploads\\\/2023\\\/09\\\/VIOLENCIA-POLITICA.png?fit=651%2C898&ssl=1\",\"datePublished\":\"2023-09-14T14:54:55+00:00\",\"dateModified\":\"2023-09-14T18:43:17+00:00\",\"description\":\"Proporcionar herramientas para prevenir la violencia pol\u00edtica en raz\u00f3n de g\u00e9nero en una candidatura a cargo de elecci\u00f3n popular en M\u00e9xico.\",\"breadcrumb\":{\"@id\":\"https:\\\/\\\/esred.mx\\\/web\\\/violencia-politica\\\/#breadcrumb\"},\"inLanguage\":\"es\",\"potentialAction\":[{\"@type\":\"ReadAction\",\"target\":[\"https:\\\/\\\/esred.mx\\\/web\\\/violencia-politica\\\/\"]}]},{\"@type\":\"ImageObject\",\"inLanguage\":\"es\",\"@id\":\"https:\\\/\\\/esred.mx\\\/web\\\/violencia-politica\\\/#primaryimage\",\"url\":\"https:\\\/\\\/i0.wp.com\\\/esred.mx\\\/web\\\/wp-content\\\/uploads\\\/2023\\\/09\\\/VIOLENCIA-POLITICA.png?fit=651%2C898&ssl=1\",\"contentUrl\":\"https:\\\/\\\/i0.wp.com\\\/esred.mx\\\/web\\\/wp-content\\\/uploads\\\/2023\\\/09\\\/VIOLENCIA-POLITICA.png?fit=651%2C898&ssl=1\",\"width\":651,\"height\":898},{\"@type\":\"BreadcrumbList\",\"@id\":\"https:\\\/\\\/esred.mx\\\/web\\\/violencia-politica\\\/#breadcrumb\",\"itemListElement\":[{\"@type\":\"ListItem\",\"position\":1,\"name\":\"Portada\",\"item\":\"https:\\\/\\\/esred.mx\\\/web\\\/\"},{\"@type\":\"ListItem\",\"position\":2,\"name\":\"Violencia Pol\u00edtica\"}]},{\"@type\":\"WebSite\",\"@id\":\"https:\\\/\\\/esred.mx\\\/web\\\/#website\",\"url\":\"https:\\\/\\\/esred.mx\\\/web\\\/\",\"name\":\"Esred\",\"description\":\"Educaci\u00f3n y Sociedad en RED\",\"potentialAction\":[{\"@type\":\"SearchAction\",\"target\":{\"@type\":\"EntryPoint\",\"urlTemplate\":\"https:\\\/\\\/esred.mx\\\/web\\\/?s={search_term_string}\"},\"query-input\":{\"@type\":\"PropertyValueSpecification\",\"valueRequired\":true,\"valueName\":\"search_term_string\"}}],\"inLanguage\":\"es\"}]}<\/script>\n<!-- \/ Yoast SEO plugin. -->","yoast_head_json":{"title":"Violencia Pol\u00edtica - Esred","description":"Proporcionar herramientas para prevenir la violencia pol\u00edtica en raz\u00f3n de g\u00e9nero en una candidatura a cargo de elecci\u00f3n popular en M\u00e9xico.","robots":{"index":"index","follow":"follow","max-snippet":"max-snippet:-1","max-image-preview":"max-image-preview:large","max-video-preview":"max-video-preview:-1"},"canonical":"https:\/\/esred.mx\/web\/violencia-politica\/","og_locale":"es_ES","og_type":"article","og_title":"Violencia Pol\u00edtica - Esred","og_description":"Proporcionar herramientas para prevenir la violencia pol\u00edtica en raz\u00f3n de g\u00e9nero en una candidatura a cargo de elecci\u00f3n popular en M\u00e9xico.","og_url":"https:\/\/esred.mx\/web\/violencia-politica\/","og_site_name":"Esred","article_modified_time":"2023-09-14T18:43:17+00:00","og_image":[{"width":651,"height":898,"url":"https:\/\/esred.mx\/web\/wp-content\/uploads\/2023\/09\/VIOLENCIA-POLITICA.png","type":"image\/png"}],"twitter_card":"summary_large_image","twitter_misc":{"Tiempo de lectura":"4 minutos"},"schema":{"@context":"https:\/\/schema.org","@graph":[{"@type":"WebPage","@id":"https:\/\/esred.mx\/web\/violencia-politica\/","url":"https:\/\/esred.mx\/web\/violencia-politica\/","name":"Violencia Pol\u00edtica - Esred","isPartOf":{"@id":"https:\/\/esred.mx\/web\/#website"},"primaryImageOfPage":{"@id":"https:\/\/esred.mx\/web\/violencia-politica\/#primaryimage"},"image":{"@id":"https:\/\/esred.mx\/web\/violencia-politica\/#primaryimage"},"thumbnailUrl":"https:\/\/i0.wp.com\/esred.mx\/web\/wp-content\/uploads\/2023\/09\/VIOLENCIA-POLITICA.png?fit=651%2C898&ssl=1","datePublished":"2023-09-14T14:54:55+00:00","dateModified":"2023-09-14T18:43:17+00:00","description":"Proporcionar herramientas para prevenir la violencia pol\u00edtica en raz\u00f3n de g\u00e9nero en una candidatura a cargo de elecci\u00f3n popular en M\u00e9xico.","breadcrumb":{"@id":"https:\/\/esred.mx\/web\/violencia-politica\/#breadcrumb"},"inLanguage":"es","potentialAction":[{"@type":"ReadAction","target":["https:\/\/esred.mx\/web\/violencia-politica\/"]}]},{"@type":"ImageObject","inLanguage":"es","@id":"https:\/\/esred.mx\/web\/violencia-politica\/#primaryimage","url":"https:\/\/i0.wp.com\/esred.mx\/web\/wp-content\/uploads\/2023\/09\/VIOLENCIA-POLITICA.png?fit=651%2C898&ssl=1","contentUrl":"https:\/\/i0.wp.com\/esred.mx\/web\/wp-content\/uploads\/2023\/09\/VIOLENCIA-POLITICA.png?fit=651%2C898&ssl=1","width":651,"height":898},{"@type":"BreadcrumbList","@id":"https:\/\/esred.mx\/web\/violencia-politica\/#breadcrumb","itemListElement":[{"@type":"ListItem","position":1,"name":"Portada","item":"https:\/\/esred.mx\/web\/"},{"@type":"ListItem","position":2,"name":"Violencia Pol\u00edtica"}]},{"@type":"WebSite","@id":"https:\/\/esred.mx\/web\/#website","url":"https:\/\/esred.mx\/web\/","name":"Esred","description":"Educaci\u00f3n y Sociedad en RED","potentialAction":[{"@type":"SearchAction","target":{"@type":"EntryPoint","urlTemplate":"https:\/\/esred.mx\/web\/?s={search_term_string}"},"query-input":{"@type":"PropertyValueSpecification","valueRequired":true,"valueName":"search_term_string"}}],"inLanguage":"es"}]}},"jetpack-related-posts":[],"jetpack_sharing_enabled":true,"_links":{"self":[{"href":"https:\/\/esred.mx\/web\/wp-json\/wp\/v2\/pages\/375","targetHints":{"allow":["GET"]}}],"collection":[{"href":"https:\/\/esred.mx\/web\/wp-json\/wp\/v2\/pages"}],"about":[{"href":"https:\/\/esred.mx\/web\/wp-json\/wp\/v2\/types\/page"}],"author":[{"embeddable":true,"href":"https:\/\/esred.mx\/web\/wp-json\/wp\/v2\/users\/1"}],"replies":[{"embeddable":true,"href":"https:\/\/esred.mx\/web\/wp-json\/wp\/v2\/comments?post=375"}],"version-history":[{"count":4,"href":"https:\/\/esred.mx\/web\/wp-json\/wp\/v2\/pages\/375\/revisions"}],"predecessor-version":[{"id":420,"href":"https:\/\/esred.mx\/web\/wp-json\/wp\/v2\/pages\/375\/revisions\/420"}],"wp:featuredmedia":[{"embeddable":true,"href":"https:\/\/esred.mx\/web\/wp-json\/wp\/v2\/media\/387"}],"wp:attachment":[{"href":"https:\/\/esred.mx\/web\/wp-json\/wp\/v2\/media?parent=375"}],"curies":[{"name":"wp","href":"https:\/\/api.w.org\/{rel}","templated":true}]}}