{"id":343,"date":"2023-05-25T01:17:05","date_gmt":"2023-05-25T01:17:05","guid":{"rendered":"https:\/\/esred.mx\/web\/?page_id=343"},"modified":"2023-09-14T21:00:05","modified_gmt":"2023-09-14T21:00:05","slug":"inscripcion-asistida","status":"publish","type":"page","link":"https:\/\/esred.mx\/web\/inscripcion-asistida\/","title":{"rendered":"Inscripci\u00f3n Asistida"},"content":{"rendered":"<p>[et_pb_section fb_built=\u00bb1&#8243; _builder_version=\u00bb4.18.0&#8243; _module_preset=\u00bbdefault\u00bb background_image=\u00bbhttps:\/\/esred.mx\/web\/wp-content\/uploads\/2023\/05\/IMAGEN_1_LI.png\u00bb global_colors_info=\u00bb{}\u00bb][et_pb_row column_structure=\u00bb2_5,3_5&#8243; _builder_version=\u00bb4.18.0&#8243; _module_preset=\u00bbdefault\u00bb global_colors_info=\u00bb{}\u00bb][et_pb_column type=\u00bb2_5&#8243; _builder_version=\u00bb4.18.0&#8243; _module_preset=\u00bbdefault\u00bb global_colors_info=\u00bb{}\u00bb][et_pb_image src=\u00bbhttps:\/\/esred.mx\/web\/wp-content\/uploads\/2023\/05\/icono_imagen_1.png\u00bb title_text=\u00bbicono_imagen_1&#8243; _builder_version=\u00bb4.18.0&#8243; _module_preset=\u00bbdefault\u00bb transform_scale=\u00bb80%|80%\u00bb width=\u00bb66.5%\u00bb custom_padding=\u00bb|0px||||\u00bb global_colors_info=\u00bb{}\u00bb][\/et_pb_image][\/et_pb_column][et_pb_column type=\u00bb3_5&#8243; _builder_version=\u00bb4.18.0&#8243; _module_preset=\u00bbdefault\u00bb global_colors_info=\u00bb{}\u00bb][et_pb_text _builder_version=\u00bb4.18.0&#8243; _module_preset=\u00bbdefault\u00bb header_text_color=\u00bb#FFFFFF\u00bb header_font_size=\u00bb62px\u00bb header_2_text_color=\u00bb#BB945A\u00bb custom_margin=\u00bb130px|||-177px||\u00bb custom_margin_tablet=\u00bb130px|||-177px||\u00bb custom_margin_phone=\u00bb0px|||0px|false|false\u00bb custom_margin_last_edited=\u00bbon|phone\u00bb header_font_size_tablet=\u00bb62px\u00bb header_font_size_phone=\u00bb50px\u00bb header_font_size_last_edited=\u00bbon|phone\u00bb header_2_font_size_tablet=\u00bb\u00bb header_2_font_size_phone=\u00bb22px\u00bb header_2_font_size_last_edited=\u00bbon|phone\u00bb global_colors_info=\u00bb{}\u00bb]<\/p>\n<h1><strong>Inscripci\u00f3n asistida<\/strong><\/h1>\n<p>[\/et_pb_text][\/et_pb_column][\/et_pb_row][et_pb_row _builder_version=\u00bb4.18.0&#8243; _module_preset=\u00bbdefault\u00bb global_colors_info=\u00bb{}\u00bb][et_pb_column type=\u00bb4_4&#8243; _builder_version=\u00bb4.18.0&#8243; _module_preset=\u00bbdefault\u00bb global_colors_info=\u00bb{}\u00bb][et_pb_text _builder_version=\u00bb4.18.0&#8243; _module_preset=\u00bbdefault\u00bb text_font_size=\u00bb18px\u00bb background_layout=\u00bbdark\u00bb custom_padding=\u00bb|230px|0px|230px||\u00bb custom_padding_tablet=\u00bb|230px|0px|230px||\u00bb custom_padding_phone=\u00bb|0px||0px|false|false\u00bb custom_padding_last_edited=\u00bbon|phone\u00bb global_colors_info=\u00bb{}\u00bb]<\/p>\n<h3>Bienvenido a la inscripci\u00f3n asistida de la plataforma de ESRED, a continuaci\u00f3n encontrar\u00e1s el link en el que podr\u00e1s generar el pago del curso:<\/h3>\n<p>[\/et_pb_text][et_pb_button button_url=\u00bbhttps:\/\/buy.stripe.com\/5kA0426QqdXX37O6op\u00bb url_new_window=\u00bbon\u00bb button_text=\u00bbLink de pago Liderazgo de la Ciudadania: https:\/\/buy.stripe.com\/5kA0426QqdXX37O6op\u00bb button_alignment=\u00bbcenter\u00bb _builder_version=\u00bb4.18.0&#8243; _module_preset=\u00bbdefault\u00bb custom_button=\u00bbon\u00bb button_text_color=\u00bb#FFFFFF\u00bb button_bg_color=\u00bbrgba(0,0,0,0.5)\u00bb button_border_color=\u00bbRGBA(255,255,255,0)\u00bb button_border_radius=\u00bb15px\u00bb custom_padding=\u00bb||||false|false\u00bb hover_enabled=\u00bb0&#8243; global_colors_info=\u00bb{}\u00bb sticky_enabled=\u00bb0&#8243;][\/et_pb_button][et_pb_button button_url=\u00bbhttps:\/\/buy.stripe.com\/8wMcQO6Qq6vv8s8aEG\u00bb url_new_window=\u00bbon\u00bb button_text=\u00bbLink de pago Candidaturas Independientes: https:\/\/buy.stripe.com\/8wMcQO6Qq6vv8s8aEG\u00bb button_alignment=\u00bbcenter\u00bb _builder_version=\u00bb4.18.0&#8243; _module_preset=\u00bbdefault\u00bb custom_button=\u00bbon\u00bb button_text_color=\u00bb#FFFFFF\u00bb button_bg_color=\u00bbrgba(0,0,0,0.5)\u00bb button_border_color=\u00bbRGBA(255,255,255,0)\u00bb button_border_radius=\u00bb15px\u00bb custom_padding=\u00bb||||false|false\u00bb hover_enabled=\u00bb0&#8243; global_colors_info=\u00bb{}\u00bb sticky_enabled=\u00bb0&#8243;][\/et_pb_button][et_pb_button button_url=\u00bbhttps:\/\/buy.stripe.com\/7sI9ECeiS7zz9wc3cf\u00bb url_new_window=\u00bbon\u00bb button_text=\u00bbLink de pago Violencia Pol\u00edtica en Raz\u00f3n de G\u00e9nero: https:\/\/buy.stripe.com\/7sI9ECeiS7zz9wc3cf\u00bb button_alignment=\u00bbcenter\u00bb _builder_version=\u00bb4.18.0&#8243; _module_preset=\u00bbdefault\u00bb custom_button=\u00bbon\u00bb button_text_color=\u00bb#FFFFFF\u00bb button_bg_color=\u00bbrgba(0,0,0,0.5)\u00bb button_border_color=\u00bbRGBA(255,255,255,0)\u00bb button_border_radius=\u00bb15px\u00bb custom_padding=\u00bb||||false|false\u00bb hover_enabled=\u00bb0&#8243; global_colors_info=\u00bb{}\u00bb sticky_enabled=\u00bb0&#8243;][\/et_pb_button][\/et_pb_column][\/et_pb_row][\/et_pb_section][et_pb_section fb_built=\u00bb1&#8243; _builder_version=\u00bb4.18.0&#8243; _module_preset=\u00bbdefault\u00bb background_color=\u00bb#0A2A48&#8243; custom_margin=\u00bb0px||0px||false|false\u00bb custom_padding=\u00bb0px||0px||false|false\u00bb global_colors_info=\u00bb{}\u00bb][et_pb_row _builder_version=\u00bb4.18.0&#8243; _module_preset=\u00bbdefault\u00bb global_colors_info=\u00bb{}\u00bb][et_pb_column type=\u00bb4_4&#8243; _builder_version=\u00bb4.18.0&#8243; _module_preset=\u00bbdefault\u00bb global_colors_info=\u00bb{}\u00bb][et_pb_text _builder_version=\u00bb4.18.0&#8243; _module_preset=\u00bbdefault\u00bb header_2_text_align=\u00bbcenter\u00bb header_2_text_color=\u00bb#FFFFFF\u00bb background_color=\u00bbRGBA(255,255,255,0)\u00bb global_colors_info=\u00bb{}\u00bb]<\/p>\n<h2><strong>Una vez realizado tu pago, agradeceremos nos hagas llegar un correo a:<\/strong><\/h2>\n<p>[\/et_pb_text][\/et_pb_column][\/et_pb_row][\/et_pb_section][et_pb_section fb_built=\u00bb1&#8243; _builder_version=\u00bb4.18.0&#8243; _module_preset=\u00bbdefault\u00bb custom_margin=\u00bb||10px||false|false\u00bb custom_padding=\u00bb0px||0px||false|false\u00bb global_colors_info=\u00bb{}\u00bb][et_pb_row column_structure=\u00bb1_2,1_2&#8243; make_equal=\u00bbon\u00bb _builder_version=\u00bb4.18.0&#8243; _module_preset=\u00bbdefault\u00bb custom_margin=\u00bb10px||0px||false|false\u00bb custom_padding=\u00bb10px||0px||false|false\u00bb global_colors_info=\u00bb{}\u00bb][et_pb_column type=\u00bb1_2&#8243; _builder_version=\u00bb4.18.0&#8243; _module_preset=\u00bbdefault\u00bb global_colors_info=\u00bb{}\u00bb][et_pb_image src=\u00bbhttps:\/\/esred.mx\/web\/wp-content\/uploads\/2023\/05\/icono_2-150&#215;150.png\u00bb title_text=\u00bbicono_2&#8243; align=\u00bbright\u00bb _builder_version=\u00bb4.18.0&#8243; _module_preset=\u00bbdefault\u00bb custom_padding=\u00bb|40px||||\u00bb global_colors_info=\u00bb{}\u00bb][\/et_pb_image][\/et_pb_column][et_pb_column type=\u00bb1_2&#8243; _builder_version=\u00bb4.18.0&#8243; _module_preset=\u00bbdefault\u00bb custom_css_main_element=\u00bbalign-self: center\u00bb global_colors_info=\u00bb{}\u00bb][et_pb_text _builder_version=\u00bb4.18.0&#8243; _module_preset=\u00bbdefault\u00bb header_2_text_color=\u00bb#0A2A48&#8243; link_option_url=\u00bbmailto:aprende@esred.mx\u00bb global_colors_info=\u00bb{}\u00bb]<\/p>\n<h2><strong>aprende@esred.mx<\/strong><\/h2>\n<p>[\/et_pb_text][\/et_pb_column][\/et_pb_row][et_pb_row _builder_version=\u00bb4.18.0&#8243; _module_preset=\u00bbdefault\u00bb global_colors_info=\u00bb{}\u00bb][et_pb_column type=\u00bb4_4&#8243; _builder_version=\u00bb4.18.0&#8243; _module_preset=\u00bbdefault\u00bb global_colors_info=\u00bb{}\u00bb][et_pb_text _builder_version=\u00bb4.18.0&#8243; _module_preset=\u00bbdefault\u00bb text_orientation=\u00bbcenter\u00bb global_colors_info=\u00bb{}\u00bb]<\/p>\n<h4>O bien puedes enviar tu comprobante de pago y los datos que a continuaci\u00f3n se enlistan por mensaje a WhatsApp:<\/h4>\n<p>[\/et_pb_text][\/et_pb_column][\/et_pb_row][et_pb_row column_structure=\u00bb1_2,1_2&#8243; make_equal=\u00bbon\u00bb _builder_version=\u00bb4.18.0&#8243; _module_preset=\u00bbdefault\u00bb custom_margin=\u00bb0px||0px||false|false\u00bb custom_padding=\u00bb0px||10px||false|false\u00bb global_colors_info=\u00bb{}\u00bb][et_pb_column type=\u00bb1_2&#8243; _builder_version=\u00bb4.18.0&#8243; _module_preset=\u00bbdefault\u00bb global_colors_info=\u00bb{}\u00bb][et_pb_image src=\u00bbhttps:\/\/esred.mx\/web\/wp-content\/uploads\/2023\/05\/icono_3-150&#215;150.png\u00bb title_text=\u00bbicono_3&#8243; align=\u00bbright\u00bb _builder_version=\u00bb4.18.0&#8243; _module_preset=\u00bbdefault\u00bb custom_padding=\u00bb|40px||||\u00bb global_colors_info=\u00bb{}\u00bb][\/et_pb_image][\/et_pb_column][et_pb_column type=\u00bb1_2&#8243; _builder_version=\u00bb4.18.0&#8243; _module_preset=\u00bbdefault\u00bb custom_css_main_element=\u00bbalign-self: center\u00bb global_colors_info=\u00bb{}\u00bb][et_pb_text _builder_version=\u00bb4.18.0&#8243; _module_preset=\u00bbdefault\u00bb header_2_text_align=\u00bbleft\u00bb header_2_text_color=\u00bb#0A2A48&#8243; global_colors_info=\u00bb{}\u00bb]<\/p>\n<h2><strong>56 2632-6585<\/strong><\/h2>\n<p>[\/et_pb_text][\/et_pb_column][\/et_pb_row][\/et_pb_section][et_pb_section fb_built=\u00bb1&#8243; _builder_version=\u00bb4.18.0&#8243; _module_preset=\u00bbdefault\u00bb background_color=\u00bb#BB945A\u00bb custom_margin=\u00bb0px||0px||false|false\u00bb custom_padding=\u00bb0px||0px||false|false\u00bb global_colors_info=\u00bb{}\u00bb][et_pb_row _builder_version=\u00bb4.18.0&#8243; _module_preset=\u00bbdefault\u00bb global_colors_info=\u00bb{}\u00bb][et_pb_column type=\u00bb4_4&#8243; _builder_version=\u00bb4.18.0&#8243; _module_preset=\u00bbdefault\u00bb global_colors_info=\u00bb{}\u00bb][et_pb_text _builder_version=\u00bb4.18.0&#8243; _module_preset=\u00bbdefault\u00bb header_2_text_align=\u00bbcenter\u00bb header_2_text_color=\u00bb#FFFFFF\u00bb background_color=\u00bbRGBA(255,255,255,0)\u00bb global_colors_info=\u00bb{}\u00bb]<\/p>\n<h2><strong>En el correo deber\u00e1s proporcionar la siguiente informaci\u00f3n:<\/strong><\/h2>\n<p>[\/et_pb_text][\/et_pb_column][\/et_pb_row][\/et_pb_section][et_pb_section fb_built=\u00bb1&#8243; _builder_version=\u00bb4.18.0&#8243; _module_preset=\u00bbdefault\u00bb custom_margin=\u00bb1px|||||\u00bb global_colors_info=\u00bb{}\u00bb][et_pb_row column_structure=\u00bb1_2,1_2&#8243; _builder_version=\u00bb4.18.0&#8243; _module_preset=\u00bbdefault\u00bb global_colors_info=\u00bb{}\u00bb][et_pb_column type=\u00bb1_2&#8243; _builder_version=\u00bb4.18.0&#8243; _module_preset=\u00bbdefault\u00bb global_colors_info=\u00bb{}\u00bb][et_pb_image src=\u00bbhttps:\/\/esred.mx\/web\/wp-content\/uploads\/2023\/05\/2-15-257&#215;300.png\u00bb title_text=\u00bb2-15&#8243; align=\u00bbcenter\u00bb _builder_version=\u00bb4.18.0&#8243; _module_preset=\u00bbdefault\u00bb global_colors_info=\u00bb{}\u00bb][\/et_pb_image][\/et_pb_column][et_pb_column type=\u00bb1_2&#8243; _builder_version=\u00bb4.18.0&#8243; _module_preset=\u00bbdefault\u00bb global_colors_info=\u00bb{}\u00bb][et_pb_image src=\u00bbhttps:\/\/esred.mx\/web\/wp-content\/uploads\/2023\/05\/2-14-261&#215;300.png\u00bb title_text=\u00bb2-14&#8243; align=\u00bbcenter\u00bb _builder_version=\u00bb4.18.0&#8243; _module_preset=\u00bbdefault\u00bb global_colors_info=\u00bb{}\u00bb][\/et_pb_image][\/et_pb_column][\/et_pb_row][\/et_pb_section][et_pb_section fb_built=\u00bb1&#8243; _builder_version=\u00bb4.18.0&#8243; _module_preset=\u00bbdefault\u00bb background_color=\u00bb#0A2A48&#8243; custom_margin=\u00bb0px||0px||false|false\u00bb custom_padding=\u00bb0px||0px||false|false\u00bb global_colors_info=\u00bb{}\u00bb][et_pb_row _builder_version=\u00bb4.18.0&#8243; _module_preset=\u00bbdefault\u00bb global_colors_info=\u00bb{}\u00bb][et_pb_column type=\u00bb4_4&#8243; _builder_version=\u00bb4.18.0&#8243; _module_preset=\u00bbdefault\u00bb global_colors_info=\u00bb{}\u00bb][et_pb_text _builder_version=\u00bb4.18.0&#8243; _module_preset=\u00bbdefault\u00bb header_2_text_align=\u00bbcenter\u00bb header_2_text_color=\u00bb#FFFFFF\u00bb header_3_text_color=\u00bb#FFFFFF\u00bb background_color=\u00bbRGBA(255,255,255,0)\u00bb custom_padding=\u00bb10px||10px||false|false\u00bb global_colors_info=\u00bb{}\u00bb]<\/p>\n<h3>Agradecemos tu inter\u00e9s por formar parte de la comunidad ESRED, una vez que recibamos tu informaci\u00f3n nos tomar\u00e1 m\u00e1ximo 24 horas para procesarla y hacerte llegar un correo con tu usuario y contrase\u00f1a para el acceso a la plataforma.<\/h3>\n<p>[\/et_pb_text][\/et_pb_column][\/et_pb_row][\/et_pb_section][et_pb_section fb_built=\u00bb1&#8243; _builder_version=\u00bb4.18.0&#8243; _module_preset=\u00bbdefault\u00bb background_image=\u00bbhttps:\/\/esred.mx\/web\/wp-content\/uploads\/2023\/05\/imagen_2.png\u00bb custom_margin=\u00bb||||false|false\u00bb custom_padding=\u00bb100px||100px||false|false\u00bb global_colors_info=\u00bb{}\u00bb][et_pb_row _builder_version=\u00bb4.18.0&#8243; _module_preset=\u00bbdefault\u00bb global_colors_info=\u00bb{}\u00bb][et_pb_column type=\u00bb4_4&#8243; _builder_version=\u00bb4.18.0&#8243; _module_preset=\u00bbdefault\u00bb global_colors_info=\u00bb{}\u00bb][et_pb_text _builder_version=\u00bb4.18.0&#8243; _module_preset=\u00bbdefault\u00bb header_2_text_color=\u00bb#FFFFFF\u00bb header_2_line_height=\u00bb1.5em\u00bb header_2_text_shadow_style=\u00bbpreset1&#8243; header_2_text_shadow_horizontal_length=\u00bb0.2em\u00bb header_2_text_shadow_blur_strength=\u00bb0.15em\u00bb global_colors_info=\u00bb{}\u00bb]<\/p>\n<h2>Nos complace darte la bienvenida a ESRED, Educaci\u00f3n y Sociedad en Red, un ecosistema digital accesible, en el que podr\u00e1s adquirir capacitaci\u00f3n, talleres, cursos de actualizaci\u00f3n y certificaci\u00f3n de conocimientos y habilidades, de la mano de especialistas de gran experiencia en el mundo pol\u00edtico y social.<\/h2>\n<p>[\/et_pb_text][\/et_pb_column][\/et_pb_row][\/et_pb_section]<\/p>\n","protected":false},"excerpt":{"rendered":"<p>Inscripci\u00f3n asistidaBienvenido a la inscripci\u00f3n asistida de la plataforma de ESRED, a continuaci\u00f3n encontrar\u00e1s el link en el que podr\u00e1s generar el pago del curso:Una vez realizado tu pago, agradeceremos nos hagas llegar un correo a:aprende@esred.mxO bien puedes enviar tu comprobante de pago y los datos que a continuaci\u00f3n se enlistan por mensaje a WhatsApp:56 [&hellip;]<\/p>\n","protected":false},"author":1,"featured_media":0,"parent":0,"menu_order":0,"comment_status":"closed","ping_status":"closed","template":"","meta":{"_et_pb_use_builder":"on","_et_pb_old_content":"","_et_gb_content_width":"","_crdt_document":"","footnotes":""},"class_list":["post-343","page","type-page","status-publish","hentry"],"yoast_head":"<!-- This site is optimized with the Yoast SEO plugin v27.6 - https:\/\/yoast.com\/product\/yoast-seo-wordpress\/ -->\n<title>Inscripci\u00f3n Asistida - Esred<\/title>\n<meta name=\"robots\" content=\"index, follow, max-snippet:-1, max-image-preview:large, max-video-preview:-1\" \/>\n<link rel=\"canonical\" href=\"https:\/\/esred.mx\/web\/inscripcion-asistida\/\" \/>\n<meta property=\"og:locale\" content=\"es_ES\" \/>\n<meta property=\"og:type\" content=\"article\" \/>\n<meta property=\"og:title\" content=\"Inscripci\u00f3n Asistida - Esred\" \/>\n<meta property=\"og:description\" content=\"Inscripci\u00f3n asistidaBienvenido a la inscripci\u00f3n asistida de la plataforma de ESRED, a continuaci\u00f3n encontrar\u00e1s el link en el que podr\u00e1s generar el pago del curso:Una vez realizado tu pago, agradeceremos nos hagas llegar un correo a:aprende@esred.mxO bien puedes enviar tu comprobante de pago y los datos que a continuaci\u00f3n se enlistan por mensaje a WhatsApp:56 [&hellip;]\" \/>\n<meta property=\"og:url\" content=\"https:\/\/esred.mx\/web\/inscripcion-asistida\/\" \/>\n<meta property=\"og:site_name\" content=\"Esred\" \/>\n<meta property=\"article:modified_time\" content=\"2023-09-14T21:00:05+00:00\" \/>\n<meta name=\"twitter:card\" content=\"summary_large_image\" \/>\n<script type=\"application\/ld+json\" class=\"yoast-schema-graph\">{\"@context\":\"https:\\\/\\\/schema.org\",\"@graph\":[{\"@type\":\"WebPage\",\"@id\":\"https:\\\/\\\/esred.mx\\\/web\\\/inscripcion-asistida\\\/\",\"url\":\"https:\\\/\\\/esred.mx\\\/web\\\/inscripcion-asistida\\\/\",\"name\":\"Inscripci\u00f3n Asistida - Esred\",\"isPartOf\":{\"@id\":\"https:\\\/\\\/esred.mx\\\/web\\\/#website\"},\"datePublished\":\"2023-05-25T01:17:05+00:00\",\"dateModified\":\"2023-09-14T21:00:05+00:00\",\"breadcrumb\":{\"@id\":\"https:\\\/\\\/esred.mx\\\/web\\\/inscripcion-asistida\\\/#breadcrumb\"},\"inLanguage\":\"es\",\"potentialAction\":[{\"@type\":\"ReadAction\",\"target\":[\"https:\\\/\\\/esred.mx\\\/web\\\/inscripcion-asistida\\\/\"]}]},{\"@type\":\"BreadcrumbList\",\"@id\":\"https:\\\/\\\/esred.mx\\\/web\\\/inscripcion-asistida\\\/#breadcrumb\",\"itemListElement\":[{\"@type\":\"ListItem\",\"position\":1,\"name\":\"Portada\",\"item\":\"https:\\\/\\\/esred.mx\\\/web\\\/\"},{\"@type\":\"ListItem\",\"position\":2,\"name\":\"Inscripci\u00f3n Asistida\"}]},{\"@type\":\"WebSite\",\"@id\":\"https:\\\/\\\/esred.mx\\\/web\\\/#website\",\"url\":\"https:\\\/\\\/esred.mx\\\/web\\\/\",\"name\":\"Esred\",\"description\":\"Educaci\u00f3n y Sociedad en RED\",\"potentialAction\":[{\"@type\":\"SearchAction\",\"target\":{\"@type\":\"EntryPoint\",\"urlTemplate\":\"https:\\\/\\\/esred.mx\\\/web\\\/?s={search_term_string}\"},\"query-input\":{\"@type\":\"PropertyValueSpecification\",\"valueRequired\":true,\"valueName\":\"search_term_string\"}}],\"inLanguage\":\"es\"}]}<\/script>\n<!-- \/ Yoast SEO plugin. -->","yoast_head_json":{"title":"Inscripci\u00f3n Asistida - Esred","robots":{"index":"index","follow":"follow","max-snippet":"max-snippet:-1","max-image-preview":"max-image-preview:large","max-video-preview":"max-video-preview:-1"},"canonical":"https:\/\/esred.mx\/web\/inscripcion-asistida\/","og_locale":"es_ES","og_type":"article","og_title":"Inscripci\u00f3n Asistida - Esred","og_description":"Inscripci\u00f3n asistidaBienvenido a la inscripci\u00f3n asistida de la plataforma de ESRED, a continuaci\u00f3n encontrar\u00e1s el link en el que podr\u00e1s generar el pago del curso:Una vez realizado tu pago, agradeceremos nos hagas llegar un correo a:aprende@esred.mxO bien puedes enviar tu comprobante de pago y los datos que a continuaci\u00f3n se enlistan por mensaje a WhatsApp:56 [&hellip;]","og_url":"https:\/\/esred.mx\/web\/inscripcion-asistida\/","og_site_name":"Esred","article_modified_time":"2023-09-14T21:00:05+00:00","twitter_card":"summary_large_image","schema":{"@context":"https:\/\/schema.org","@graph":[{"@type":"WebPage","@id":"https:\/\/esred.mx\/web\/inscripcion-asistida\/","url":"https:\/\/esred.mx\/web\/inscripcion-asistida\/","name":"Inscripci\u00f3n Asistida - Esred","isPartOf":{"@id":"https:\/\/esred.mx\/web\/#website"},"datePublished":"2023-05-25T01:17:05+00:00","dateModified":"2023-09-14T21:00:05+00:00","breadcrumb":{"@id":"https:\/\/esred.mx\/web\/inscripcion-asistida\/#breadcrumb"},"inLanguage":"es","potentialAction":[{"@type":"ReadAction","target":["https:\/\/esred.mx\/web\/inscripcion-asistida\/"]}]},{"@type":"BreadcrumbList","@id":"https:\/\/esred.mx\/web\/inscripcion-asistida\/#breadcrumb","itemListElement":[{"@type":"ListItem","position":1,"name":"Portada","item":"https:\/\/esred.mx\/web\/"},{"@type":"ListItem","position":2,"name":"Inscripci\u00f3n Asistida"}]},{"@type":"WebSite","@id":"https:\/\/esred.mx\/web\/#website","url":"https:\/\/esred.mx\/web\/","name":"Esred","description":"Educaci\u00f3n y Sociedad en RED","potentialAction":[{"@type":"SearchAction","target":{"@type":"EntryPoint","urlTemplate":"https:\/\/esred.mx\/web\/?s={search_term_string}"},"query-input":{"@type":"PropertyValueSpecification","valueRequired":true,"valueName":"search_term_string"}}],"inLanguage":"es"}]}},"jetpack-related-posts":[],"jetpack_sharing_enabled":true,"_links":{"self":[{"href":"https:\/\/esred.mx\/web\/wp-json\/wp\/v2\/pages\/343","targetHints":{"allow":["GET"]}}],"collection":[{"href":"https:\/\/esred.mx\/web\/wp-json\/wp\/v2\/pages"}],"about":[{"href":"https:\/\/esred.mx\/web\/wp-json\/wp\/v2\/types\/page"}],"author":[{"embeddable":true,"href":"https:\/\/esred.mx\/web\/wp-json\/wp\/v2\/users\/1"}],"replies":[{"embeddable":true,"href":"https:\/\/esred.mx\/web\/wp-json\/wp\/v2\/comments?post=343"}],"version-history":[{"count":12,"href":"https:\/\/esred.mx\/web\/wp-json\/wp\/v2\/pages\/343\/revisions"}],"predecessor-version":[{"id":422,"href":"https:\/\/esred.mx\/web\/wp-json\/wp\/v2\/pages\/343\/revisions\/422"}],"wp:attachment":[{"href":"https:\/\/esred.mx\/web\/wp-json\/wp\/v2\/media?parent=343"}],"curies":[{"name":"wp","href":"https:\/\/api.w.org\/{rel}","templated":true}]}}