{"id":276,"date":"2022-10-20T14:15:50","date_gmt":"2022-10-20T14:15:50","guid":{"rendered":"https:\/\/esred.mx\/web\/?page_id=276"},"modified":"2023-09-14T18:32:08","modified_gmt":"2023-09-14T18:32:08","slug":"liderazgo-de-la-ciudadania","status":"publish","type":"page","link":"https:\/\/esred.mx\/web\/liderazgo-de-la-ciudadania\/","title":{"rendered":"Liderazgo de la ciudadan\u00eda"},"content":{"rendered":"<p>[et_pb_section fb_built=\u00bb1&#8243; _builder_version=\u00bb4.18.0&#8243; _module_preset=\u00bbdefault\u00bb background_image=\u00bbhttps:\/\/esred.mx\/web\/wp-content\/uploads\/2022\/10\/1-LIDERAZGO-DE-LA-CIUDADANIA.png\u00bb global_colors_info=\u00bb{}\u00bb][et_pb_row _builder_version=\u00bb4.18.0&#8243; _module_preset=\u00bbdefault\u00bb global_colors_info=\u00bb{}\u00bb][et_pb_column type=\u00bb4_4&#8243; _builder_version=\u00bb4.18.0&#8243; _module_preset=\u00bbdefault\u00bb global_colors_info=\u00bb{}\u00bb][et_pb_text _builder_version=\u00bb4.18.0&#8243; _module_preset=\u00bbdefault\u00bb header_text_color=\u00bb#FFFFFF\u00bb header_2_text_color=\u00bb#BB945A\u00bb global_colors_info=\u00bb{}\u00bb]<\/p>\n<h1>LIDERAZGO DE LA CIUDADAN\u00cdA<\/h1>\n<h2>Curso de capacitaci\u00f3n<\/h2>\n<p>[\/et_pb_text][\/et_pb_column][\/et_pb_row][et_pb_row column_structure=\u00bb1_3,1_3,1_3&#8243; _builder_version=\u00bb4.18.0&#8243; _module_preset=\u00bbdefault\u00bb global_colors_info=\u00bb{}\u00bb][et_pb_column type=\u00bb1_3&#8243; _builder_version=\u00bb4.18.0&#8243; _module_preset=\u00bbdefault\u00bb global_colors_info=\u00bb{}\u00bb][et_pb_text _builder_version=\u00bb4.18.0&#8243; _module_preset=\u00bbdefault\u00bb header_2_text_color=\u00bb#BB945A\u00bb background_color=\u00bb#FFFFFF\u00bb width=\u00bb82%\u00bb custom_margin=\u00bb|36px|||false|false\u00bb custom_padding=\u00bb10px|15px|5px|15px|false|false\u00bb header_2_text_color_tablet=\u00bb#FFFFFF\u00bb header_2_text_color_phone=\u00bb#FFFFFF\u00bb header_2_text_color_last_edited=\u00bbon|tablet\u00bb background_color_tablet=\u00bbRGBA(255,255,255,0)\u00bb background_last_edited=\u00bbon|tablet\u00bb background_enable_color_tablet=\u00bbon\u00bb global_colors_info=\u00bb{}\u00bb]<\/p>\n<h2><strong>LO QUE NOS MUEVE<\/strong><\/h2>\n<p>[\/et_pb_text][\/et_pb_column][et_pb_column type=\u00bb1_3&#8243; _builder_version=\u00bb4.18.0&#8243; _module_preset=\u00bbdefault\u00bb global_colors_info=\u00bb{}\u00bb][\/et_pb_column][et_pb_column type=\u00bb1_3&#8243; _builder_version=\u00bb4.18.0&#8243; _module_preset=\u00bbdefault\u00bb global_colors_info=\u00bb{}\u00bb][\/et_pb_column][\/et_pb_row][et_pb_row _builder_version=\u00bb4.18.0&#8243; _module_preset=\u00bbdefault\u00bb global_colors_info=\u00bb{}\u00bb][et_pb_column type=\u00bb4_4&#8243; _builder_version=\u00bb4.18.0&#8243; _module_preset=\u00bbdefault\u00bb global_colors_info=\u00bb{}\u00bb][et_pb_text _builder_version=\u00bb4.18.0&#8243; _module_preset=\u00bbdefault\u00bb text_font_size=\u00bb18px\u00bb background_layout=\u00bbdark\u00bb global_colors_info=\u00bb{}\u00bb]<\/p>\n<p style=\"text-align: justify;\">Es necesario mejorar la calidad de la ciudadan\u00eda y entender sus derechos y obligaciones inherentes para desarrollar un nuevo liderazgo ciudadano.<\/p>\n<p style=\"text-align: justify;\">El nuevo liderazgo ciudadano debe comprometerse y someterse a est\u00e1ndares de transparencia para conocer, saber y hacer cumplir lo que le toca y lo que le corresponde a cada autoridad local, comunitaria, estatal o federal.<\/p>\n<p style=\"text-align: justify;\">La nueva ciudadan\u00eda tiene informaci\u00f3n disponible al alcance de su mano, vive conectada y en red. La persona l\u00edder tiene que saber explicar cada pol\u00edtica y cada decisi\u00f3n con aciertos y errores, pero sobre todo con datos ciertos comprobables.<\/p>\n<p style=\"text-align: justify;\">El conocimiento y participaci\u00f3n ciudadana en asuntos p\u00fablicos crear\u00e1 un nuevo tipo de liderazgo m\u00e1s democr\u00e1tico y progresista.<\/p>\n<p>[\/et_pb_text][\/et_pb_column][\/et_pb_row][et_pb_row _builder_version=\u00bb4.18.0&#8243; _module_preset=\u00bbdefault\u00bb column_structure=\u00bb1_2,1_2&#8243;][et_pb_column _builder_version=\u00bb4.18.0&#8243; _module_preset=\u00bbdefault\u00bb type=\u00bb1_2&#8243;][et_pb_button button_url=\u00bbhttps:\/\/esred.mx\/course\/view.php?id=2&#8243; button_text=\u00bbInscr\u00edbete\u00bb button_alignment=\u00bbcenter\u00bb _builder_version=\u00bb4.18.0&#8243; _module_preset=\u00bbdefault\u00bb custom_button=\u00bbon\u00bb button_text_color=\u00bb#FFFFFF\u00bb button_bg_color=\u00bb#BB945A\u00bb button_border_width=\u00bb0px\u00bb global_colors_info=\u00bb{}\u00bb][\/et_pb_button][\/et_pb_column][et_pb_column _builder_version=\u00bb4.18.0&#8243; _module_preset=\u00bbdefault\u00bb type=\u00bb1_2&#8243;][et_pb_button button_url=\u00bbhttps:\/\/esred.mx\/web\/inscripcion-asistida\/\u00bb button_text=\u00bbInscripci\u00f3n Asistida\u00bb button_alignment=\u00bbcenter\u00bb _builder_version=\u00bb4.18.0&#8243; _module_preset=\u00bbdefault\u00bb custom_button=\u00bbon\u00bb button_text_color=\u00bb#FFFFFF\u00bb button_bg_color=\u00bb#BB945A\u00bb button_border_width=\u00bb0px\u00bb global_colors_info=\u00bb{}\u00bb][\/et_pb_button][\/et_pb_column][\/et_pb_row][\/et_pb_section][et_pb_section fb_built=\u00bb1&#8243; _builder_version=\u00bb4.18.0&#8243; _module_preset=\u00bbdefault\u00bb global_colors_info=\u00bb{}\u00bb][et_pb_row column_structure=\u00bb1_4,1_4,1_4,1_4&#8243; use_custom_gutter=\u00bbon\u00bb make_equal=\u00bbon\u00bb _builder_version=\u00bb4.18.0&#8243; _module_preset=\u00bbdefault\u00bb width=\u00bb90%\u00bb max_width=\u00bb1280px\u00bb module_alignment=\u00bbcenter\u00bb global_colors_info=\u00bb{}\u00bb][et_pb_column type=\u00bb1_4&#8243; _builder_version=\u00bb4.18.0&#8243; _module_preset=\u00bbdefault\u00bb global_colors_info=\u00bb{}\u00bb][et_pb_image src=\u00bbhttps:\/\/esred.mx\/web\/wp-content\/uploads\/2022\/10\/2_objetivo.png\u00bb title_text=\u00bb2_objetivo\u00bb align=\u00bbcenter\u00bb _builder_version=\u00bb4.18.0&#8243; _module_preset=\u00bbdefault\u00bb transform_scale=\u00bb65%|65%\u00bb global_colors_info=\u00bb{}\u00bb][\/et_pb_image][et_pb_text _builder_version=\u00bb4.18.0&#8243; _module_preset=\u00bbdefault\u00bb header_2_text_color=\u00bb#0A2A48&#8243; header_3_text_color=\u00bb#0A2A48&#8243; global_colors_info=\u00bb{}\u00bb]<\/p>\n<h3 style=\"text-align: center;\"><strong>OBJETIVO DEL CURSO<\/strong><\/h3>\n<p style=\"text-align: justify;\">El objetivo del curso es proporcionar a quienes participen herramientas\u00a0para conocer y ejercer sus derechos y obligaciones como ciudadan\u00eda, a\u00a0trav\u00e9s del desarrollo de liderazgo y habilidades para participar en la vida\u00a0p\u00fablica o pol\u00edtica.<\/p>\n<p>[\/et_pb_text][\/et_pb_column][et_pb_column type=\u00bb1_4&#8243; _builder_version=\u00bb4.18.0&#8243; _module_preset=\u00bbdefault\u00bb global_colors_info=\u00bb{}\u00bb][et_pb_image src=\u00bbhttps:\/\/esred.mx\/web\/wp-content\/uploads\/2022\/10\/3_ingreso.png\u00bb title_text=\u00bb3_ingreso\u00bb align=\u00bbcenter\u00bb _builder_version=\u00bb4.18.0&#8243; _module_preset=\u00bbdefault\u00bb transform_scale=\u00bb65%|65%\u00bb global_colors_info=\u00bb{}\u00bb][\/et_pb_image][et_pb_text _builder_version=\u00bb4.18.0&#8243; _module_preset=\u00bbdefault\u00bb header_text_color=\u00bb#0A2A48&#8243; header_3_text_color=\u00bb#0A2A48&#8243; global_colors_info=\u00bb{}\u00bb]<\/p>\n<h3 style=\"text-align: center;\"><strong>PERFIL DE INGRESO<\/strong><\/h3>\n<p style=\"text-align: justify;\">Dirigido a toda persona mayor de edad, interesada en transformarse en\u00a0l\u00edderes o fortalecer su liderazgo a trav\u00e9s de la capacitaci\u00f3n para\u00a0participar en la vida p\u00fablica y\/o pol\u00edtica de su comunidad, alcald\u00eda,\u00a0municipio, estado o federaci\u00f3n.<\/p>\n<p>[\/et_pb_text][\/et_pb_column][et_pb_column type=\u00bb1_4&#8243; _builder_version=\u00bb4.18.0&#8243; _module_preset=\u00bbdefault\u00bb global_colors_info=\u00bb{}\u00bb][et_pb_image src=\u00bbhttps:\/\/esred.mx\/web\/wp-content\/uploads\/2022\/10\/5_virtual.png\u00bb title_text=\u00bb5_virtual\u00bb align=\u00bbcenter\u00bb _builder_version=\u00bb4.18.0&#8243; _module_preset=\u00bbdefault\u00bb transform_scale=\u00bb65%|65%\u00bb global_colors_info=\u00bb{}\u00bb][\/et_pb_image][et_pb_text _builder_version=\u00bb4.18.0&#8243; _module_preset=\u00bbdefault\u00bb header_3_text_color=\u00bb#0A2A48&#8243; global_colors_info=\u00bb{}\u00bb]<\/p>\n<h3 style=\"text-align: center;\"><strong>PERFIL DE EGRESO<\/strong><\/h3>\n<p style=\"text-align: justify;\">Al concluir la totalidad de los CINCO m\u00f3dulos o cien por ciento del curso, Usted adquirir\u00e1 los conocimientos y herramientas necesarias para el desarrollo de liderazgo en las actividades del \u00e1mbito p\u00fablico de su elecci\u00f3n.<\/p>\n<p>[\/et_pb_text][\/et_pb_column][et_pb_column type=\u00bb1_4&#8243; _builder_version=\u00bb4.18.0&#8243; _module_preset=\u00bbdefault\u00bb global_colors_info=\u00bb{}\u00bb][et_pb_image src=\u00bbhttps:\/\/esred.mx\/web\/wp-content\/uploads\/2022\/10\/4_egreso.png\u00bb title_text=\u00bb4_egreso\u00bb align=\u00bbcenter\u00bb _builder_version=\u00bb4.18.0&#8243; _module_preset=\u00bbdefault\u00bb transform_scale=\u00bb65%|65%\u00bb global_colors_info=\u00bb{}\u00bb][\/et_pb_image][et_pb_text _builder_version=\u00bb4.18.0&#8243; _module_preset=\u00bbdefault\u00bb header_3_text_color=\u00bb#0A2A48&#8243; global_colors_info=\u00bb{}\u00bb]<\/p>\n<h3 style=\"text-align: center;\"><strong>MODALIDAD VIRTUAL<\/strong><\/h3>\n<p style=\"text-align: justify;\">El curso se divide en <strong>CINCO<\/strong> m\u00f3dulos.<\/p>\n<p style=\"text-align: justify;\">Los m\u00f3dulos se impartir\u00e1n de manera virtual a trav\u00e9s de una plataforma digital accesible y disponible las veinticuatro horas del d\u00eda, a fin de que cada persona organice sus tiempos y actividades para capacitarse y avanzar conforme a sus propios objetivos personales y profesionales.<\/p>\n<p>[\/et_pb_text][\/et_pb_column][\/et_pb_row][\/et_pb_section][et_pb_section fb_built=\u00bb1&#8243; _builder_version=\u00bb4.18.0&#8243; _module_preset=\u00bbdefault\u00bb use_background_color_gradient=\u00bbon\u00bb background_color_gradient_direction=\u00bb90deg\u00bb background_color_gradient_stops=\u00bb#bb945a 0%|#bb945a 80%|#0a2a48 80%|#0a2a48 100%\u00bb min_height=\u00bb20px\u00bb max_height=\u00bb20px\u00bb custom_margin=\u00bb||||false|false\u00bb custom_padding=\u00bb0px||0px|||\u00bb global_colors_info=\u00bb{}\u00bb][et_pb_row _builder_version=\u00bb4.18.0&#8243; _module_preset=\u00bbdefault\u00bb max_height=\u00bb25px\u00bb global_colors_info=\u00bb{}\u00bb][et_pb_column type=\u00bb4_4&#8243; _builder_version=\u00bb4.18.0&#8243; _module_preset=\u00bbdefault\u00bb global_colors_info=\u00bb{}\u00bb][\/et_pb_column][\/et_pb_row][\/et_pb_section][et_pb_section fb_built=\u00bb1&#8243; _builder_version=\u00bb4.18.0&#8243; _module_preset=\u00bbdefault\u00bb custom_margin=\u00bb1px|||||\u00bb global_colors_info=\u00bb{}\u00bb][et_pb_row _builder_version=\u00bb4.18.0&#8243; _module_preset=\u00bbdefault\u00bb global_colors_info=\u00bb{}\u00bb][et_pb_column type=\u00bb4_4&#8243; _builder_version=\u00bb4.18.0&#8243; _module_preset=\u00bbdefault\u00bb global_colors_info=\u00bb{}\u00bb][et_pb_text _builder_version=\u00bb4.18.0&#8243; _module_preset=\u00bbdefault\u00bb text_font_size=\u00bb18px\u00bb header_2_text_color=\u00bb#BB945A\u00bb header_3_text_color=\u00bb#0A2A48&#8243; global_colors_info=\u00bb{}\u00bb]<\/p>\n<h2 style=\"text-align: center;\"><strong>DISE\u00d1O MODULAR<\/strong><\/h2>\n<p style=\"text-align: justify;\">El curso se integra por <strong>CINCO<\/strong> m\u00f3dulos que se impartir\u00e1n en forma independiente, al finalizar cada m\u00f3dulo se entregar\u00e1 constancia de participaci\u00f3n.<\/p>\n<p style=\"text-align: justify;\">S\u00f3lo se entregar\u00e1 certificaci\u00f3n a quienes cursen y acrediten exitosamente la totalidad de los m\u00f3dulos correspondientes a los tres cursos o el ochenta por ciento del programa, con promedio m\u00ednimo de 8.<\/p>\n<h3><strong>M\u00d3DULO 1. LIDERAZGO<\/strong><\/h3>\n<p>Especialista: <span style=\"color: #bb945a;\"><strong>Lilia Ang\u00e9lica Madue\u00f1o Villegas<\/strong><\/span><\/p>\n<h3><strong>M\u00d3DULO 2. \u00bfLIDERAZGO PARA QU\u00c9?<\/strong><\/h3>\n<p>Especialista: <span style=\"color: #bb945a;\"><strong>Maestra Sandra Ram\u00edrez Navarrete<\/strong><\/span><\/p>\n<h3><strong>M\u00d3DULO 3. DISTINCI\u00d3N ENTRE LO PRIVADO Y LO P\u00daBLICO<\/strong><\/h3>\n<p>Especialista: <span style=\"color: #bb945a;\"><strong>Maestra Gabriela Vargas G\u00f3mez<\/strong><\/span><\/p>\n<h3><strong>M\u00d3DULO 4. LA CIUDADAN\u00cdA<\/strong><\/h3>\n<p>Especialista: <span style=\"color: #bb945a;\"><strong>Licenciada Silvia G. Palazuelos<\/strong><\/span><\/p>\n<h3><strong>M\u00d3DULO 5. PARTICIPACI\u00d3N CIUDADANA<\/strong><\/h3>\n<p>Especialista: <span style=\"color: #bb945a;\"><strong>Gustavo Z\u00fa\u00f1iga Col\u00edn<\/strong><\/span><\/p>\n<p>[\/et_pb_text][\/et_pb_column][\/et_pb_row][et_pb_row column_structure=\u00bb1_3,1_3,1_3&#8243; _builder_version=\u00bb4.18.0&#8243; _module_preset=\u00bbdefault\u00bb global_colors_info=\u00bb{}\u00bb][et_pb_column type=\u00bb1_3&#8243; _builder_version=\u00bb4.18.0&#8243; _module_preset=\u00bbdefault\u00bb global_colors_info=\u00bb{}\u00bb][\/et_pb_column][et_pb_column type=\u00bb1_3&#8243; _builder_version=\u00bb4.18.0&#8243; _module_preset=\u00bbdefault\u00bb global_colors_info=\u00bb{}\u00bb][\/et_pb_column][et_pb_column type=\u00bb1_3&#8243; _builder_version=\u00bb4.18.0&#8243; _module_preset=\u00bbdefault\u00bb global_colors_info=\u00bb{}\u00bb][et_pb_button button_url=\u00bbhttps:\/\/esred.mx\/course\/view.php?id=2&#8243; button_text=\u00bbInscr\u00edbete\u00bb button_alignment=\u00bbcenter\u00bb _builder_version=\u00bb4.18.0&#8243; _module_preset=\u00bbdefault\u00bb custom_button=\u00bbon\u00bb button_text_color=\u00bb#FFFFFF\u00bb button_bg_color=\u00bb#BB945A\u00bb button_border_width=\u00bb0px\u00bb global_colors_info=\u00bb{}\u00bb][\/et_pb_button][\/et_pb_column][\/et_pb_row][et_pb_row column_structure=\u00bb1_3,1_3,1_3&#8243; _builder_version=\u00bb4.18.0&#8243; _module_preset=\u00bbdefault\u00bb global_colors_info=\u00bb{}\u00bb][et_pb_column type=\u00bb1_3&#8243; _builder_version=\u00bb4.18.0&#8243; _module_preset=\u00bbdefault\u00bb global_colors_info=\u00bb{}\u00bb][\/et_pb_column][et_pb_column type=\u00bb1_3&#8243; _builder_version=\u00bb4.18.0&#8243; _module_preset=\u00bbdefault\u00bb global_colors_info=\u00bb{}\u00bb][\/et_pb_column][et_pb_column type=\u00bb1_3&#8243; _builder_version=\u00bb4.18.0&#8243; _module_preset=\u00bbdefault\u00bb global_colors_info=\u00bb{}\u00bb][et_pb_button button_url=\u00bbhttps:\/\/esred.mx\/web\/inscripcion-asistida\/\u00bb button_text=\u00bbInscripci\u00f3n Asistida\u00bb button_alignment=\u00bbcenter\u00bb _builder_version=\u00bb4.18.0&#8243; _module_preset=\u00bbdefault\u00bb custom_button=\u00bbon\u00bb button_text_color=\u00bb#FFFFFF\u00bb button_bg_color=\u00bb#BB945A\u00bb button_border_width=\u00bb0px\u00bb global_colors_info=\u00bb{}\u00bb][\/et_pb_button][\/et_pb_column][\/et_pb_row][\/et_pb_section]<\/p>\n","protected":false},"excerpt":{"rendered":"<p>LIDERAZGO DE LA CIUDADAN\u00cdA Curso de capacitaci\u00f3nLO QUE NOS MUEVEEs necesario mejorar la calidad de la ciudadan\u00eda y entender sus derechos y obligaciones inherentes para desarrollar un nuevo liderazgo ciudadano. El nuevo liderazgo ciudadano debe comprometerse y someterse a est\u00e1ndares de transparencia para conocer, saber y hacer cumplir lo que le toca y lo que [&hellip;]<\/p>\n","protected":false},"author":1,"featured_media":279,"parent":0,"menu_order":0,"comment_status":"closed","ping_status":"closed","template":"","meta":{"_et_pb_use_builder":"on","_et_pb_old_content":"","_et_gb_content_width":"","_crdt_document":"","footnotes":""},"class_list":["post-276","page","type-page","status-publish","has-post-thumbnail","hentry"],"yoast_head":"<!-- This site is optimized with the Yoast SEO plugin v27.5 - https:\/\/yoast.com\/product\/yoast-seo-wordpress\/ -->\n<title>Liderazgo de la ciudadan\u00eda - Esred<\/title>\n<meta name=\"description\" content=\"Es necesario mejorar la calidad de la ciudadan\u00eda y entender sus derechos y obligaciones para desarrollar un nuevo liderazgo ciudadano.\" \/>\n<meta name=\"robots\" content=\"index, follow, max-snippet:-1, max-image-preview:large, max-video-preview:-1\" \/>\n<link rel=\"canonical\" href=\"https:\/\/esred.mx\/web\/liderazgo-de-la-ciudadania\/\" \/>\n<meta property=\"og:locale\" content=\"es_ES\" \/>\n<meta property=\"og:type\" content=\"article\" \/>\n<meta property=\"og:title\" content=\"Liderazgo de la ciudadan\u00eda - Esred\" \/>\n<meta property=\"og:description\" content=\"Es necesario mejorar la calidad de la ciudadan\u00eda y entender sus derechos y obligaciones para desarrollar un nuevo liderazgo ciudadano.\" \/>\n<meta property=\"og:url\" content=\"https:\/\/esred.mx\/web\/liderazgo-de-la-ciudadania\/\" \/>\n<meta property=\"og:site_name\" content=\"Esred\" \/>\n<meta property=\"article:modified_time\" content=\"2023-09-14T18:32:08+00:00\" \/>\n<meta property=\"og:image\" content=\"https:\/\/esred.mx\/web\/wp-content\/uploads\/2022\/10\/1-LIDERAZGO-DE-LA-CIUDADANIA.png\" \/>\n\t<meta property=\"og:image:width\" content=\"1925\" \/>\n\t<meta property=\"og:image:height\" content=\"761\" \/>\n\t<meta property=\"og:image:type\" content=\"image\/png\" \/>\n<meta name=\"twitter:card\" content=\"summary_large_image\" \/>\n<meta name=\"twitter:label1\" content=\"Tiempo de lectura\" \/>\n\t<meta name=\"twitter:data1\" content=\"3 minutos\" \/>\n<script type=\"application\/ld+json\" class=\"yoast-schema-graph\">{\"@context\":\"https:\\\/\\\/schema.org\",\"@graph\":[{\"@type\":\"WebPage\",\"@id\":\"https:\\\/\\\/esred.mx\\\/web\\\/liderazgo-de-la-ciudadania\\\/\",\"url\":\"https:\\\/\\\/esred.mx\\\/web\\\/liderazgo-de-la-ciudadania\\\/\",\"name\":\"Liderazgo de la ciudadan\u00eda - Esred\",\"isPartOf\":{\"@id\":\"https:\\\/\\\/esred.mx\\\/web\\\/#website\"},\"primaryImageOfPage\":{\"@id\":\"https:\\\/\\\/esred.mx\\\/web\\\/liderazgo-de-la-ciudadania\\\/#primaryimage\"},\"image\":{\"@id\":\"https:\\\/\\\/esred.mx\\\/web\\\/liderazgo-de-la-ciudadania\\\/#primaryimage\"},\"thumbnailUrl\":\"https:\\\/\\\/i0.wp.com\\\/esred.mx\\\/web\\\/wp-content\\\/uploads\\\/2022\\\/10\\\/1-LIDERAZGO-DE-LA-CIUDADANIA.png?fit=1925%2C761&ssl=1\",\"datePublished\":\"2022-10-20T14:15:50+00:00\",\"dateModified\":\"2023-09-14T18:32:08+00:00\",\"description\":\"Es necesario mejorar la calidad de la ciudadan\u00eda y entender sus derechos y obligaciones para desarrollar un nuevo liderazgo ciudadano.\",\"breadcrumb\":{\"@id\":\"https:\\\/\\\/esred.mx\\\/web\\\/liderazgo-de-la-ciudadania\\\/#breadcrumb\"},\"inLanguage\":\"es\",\"potentialAction\":[{\"@type\":\"ReadAction\",\"target\":[\"https:\\\/\\\/esred.mx\\\/web\\\/liderazgo-de-la-ciudadania\\\/\"]}]},{\"@type\":\"ImageObject\",\"inLanguage\":\"es\",\"@id\":\"https:\\\/\\\/esred.mx\\\/web\\\/liderazgo-de-la-ciudadania\\\/#primaryimage\",\"url\":\"https:\\\/\\\/i0.wp.com\\\/esred.mx\\\/web\\\/wp-content\\\/uploads\\\/2022\\\/10\\\/1-LIDERAZGO-DE-LA-CIUDADANIA.png?fit=1925%2C761&ssl=1\",\"contentUrl\":\"https:\\\/\\\/i0.wp.com\\\/esred.mx\\\/web\\\/wp-content\\\/uploads\\\/2022\\\/10\\\/1-LIDERAZGO-DE-LA-CIUDADANIA.png?fit=1925%2C761&ssl=1\",\"width\":1925,\"height\":761},{\"@type\":\"BreadcrumbList\",\"@id\":\"https:\\\/\\\/esred.mx\\\/web\\\/liderazgo-de-la-ciudadania\\\/#breadcrumb\",\"itemListElement\":[{\"@type\":\"ListItem\",\"position\":1,\"name\":\"Portada\",\"item\":\"https:\\\/\\\/esred.mx\\\/web\\\/\"},{\"@type\":\"ListItem\",\"position\":2,\"name\":\"Liderazgo de la ciudadan\u00eda\"}]},{\"@type\":\"WebSite\",\"@id\":\"https:\\\/\\\/esred.mx\\\/web\\\/#website\",\"url\":\"https:\\\/\\\/esred.mx\\\/web\\\/\",\"name\":\"Esred\",\"description\":\"Educaci\u00f3n y Sociedad en RED\",\"potentialAction\":[{\"@type\":\"SearchAction\",\"target\":{\"@type\":\"EntryPoint\",\"urlTemplate\":\"https:\\\/\\\/esred.mx\\\/web\\\/?s={search_term_string}\"},\"query-input\":{\"@type\":\"PropertyValueSpecification\",\"valueRequired\":true,\"valueName\":\"search_term_string\"}}],\"inLanguage\":\"es\"}]}<\/script>\n<!-- \/ Yoast SEO plugin. -->","yoast_head_json":{"title":"Liderazgo de la ciudadan\u00eda - Esred","description":"Es necesario mejorar la calidad de la ciudadan\u00eda y entender sus derechos y obligaciones para desarrollar un nuevo liderazgo ciudadano.","robots":{"index":"index","follow":"follow","max-snippet":"max-snippet:-1","max-image-preview":"max-image-preview:large","max-video-preview":"max-video-preview:-1"},"canonical":"https:\/\/esred.mx\/web\/liderazgo-de-la-ciudadania\/","og_locale":"es_ES","og_type":"article","og_title":"Liderazgo de la ciudadan\u00eda - Esred","og_description":"Es necesario mejorar la calidad de la ciudadan\u00eda y entender sus derechos y obligaciones para desarrollar un nuevo liderazgo ciudadano.","og_url":"https:\/\/esred.mx\/web\/liderazgo-de-la-ciudadania\/","og_site_name":"Esred","article_modified_time":"2023-09-14T18:32:08+00:00","og_image":[{"width":1925,"height":761,"url":"https:\/\/esred.mx\/web\/wp-content\/uploads\/2022\/10\/1-LIDERAZGO-DE-LA-CIUDADANIA.png","type":"image\/png"}],"twitter_card":"summary_large_image","twitter_misc":{"Tiempo de lectura":"3 minutos"},"schema":{"@context":"https:\/\/schema.org","@graph":[{"@type":"WebPage","@id":"https:\/\/esred.mx\/web\/liderazgo-de-la-ciudadania\/","url":"https:\/\/esred.mx\/web\/liderazgo-de-la-ciudadania\/","name":"Liderazgo de la ciudadan\u00eda - Esred","isPartOf":{"@id":"https:\/\/esred.mx\/web\/#website"},"primaryImageOfPage":{"@id":"https:\/\/esred.mx\/web\/liderazgo-de-la-ciudadania\/#primaryimage"},"image":{"@id":"https:\/\/esred.mx\/web\/liderazgo-de-la-ciudadania\/#primaryimage"},"thumbnailUrl":"https:\/\/i0.wp.com\/esred.mx\/web\/wp-content\/uploads\/2022\/10\/1-LIDERAZGO-DE-LA-CIUDADANIA.png?fit=1925%2C761&ssl=1","datePublished":"2022-10-20T14:15:50+00:00","dateModified":"2023-09-14T18:32:08+00:00","description":"Es necesario mejorar la calidad de la ciudadan\u00eda y entender sus derechos y obligaciones para desarrollar un nuevo liderazgo ciudadano.","breadcrumb":{"@id":"https:\/\/esred.mx\/web\/liderazgo-de-la-ciudadania\/#breadcrumb"},"inLanguage":"es","potentialAction":[{"@type":"ReadAction","target":["https:\/\/esred.mx\/web\/liderazgo-de-la-ciudadania\/"]}]},{"@type":"ImageObject","inLanguage":"es","@id":"https:\/\/esred.mx\/web\/liderazgo-de-la-ciudadania\/#primaryimage","url":"https:\/\/i0.wp.com\/esred.mx\/web\/wp-content\/uploads\/2022\/10\/1-LIDERAZGO-DE-LA-CIUDADANIA.png?fit=1925%2C761&ssl=1","contentUrl":"https:\/\/i0.wp.com\/esred.mx\/web\/wp-content\/uploads\/2022\/10\/1-LIDERAZGO-DE-LA-CIUDADANIA.png?fit=1925%2C761&ssl=1","width":1925,"height":761},{"@type":"BreadcrumbList","@id":"https:\/\/esred.mx\/web\/liderazgo-de-la-ciudadania\/#breadcrumb","itemListElement":[{"@type":"ListItem","position":1,"name":"Portada","item":"https:\/\/esred.mx\/web\/"},{"@type":"ListItem","position":2,"name":"Liderazgo de la ciudadan\u00eda"}]},{"@type":"WebSite","@id":"https:\/\/esred.mx\/web\/#website","url":"https:\/\/esred.mx\/web\/","name":"Esred","description":"Educaci\u00f3n y Sociedad en RED","potentialAction":[{"@type":"SearchAction","target":{"@type":"EntryPoint","urlTemplate":"https:\/\/esred.mx\/web\/?s={search_term_string}"},"query-input":{"@type":"PropertyValueSpecification","valueRequired":true,"valueName":"search_term_string"}}],"inLanguage":"es"}]}},"jetpack-related-posts":[],"jetpack_sharing_enabled":true,"_links":{"self":[{"href":"https:\/\/esred.mx\/web\/wp-json\/wp\/v2\/pages\/276","targetHints":{"allow":["GET"]}}],"collection":[{"href":"https:\/\/esred.mx\/web\/wp-json\/wp\/v2\/pages"}],"about":[{"href":"https:\/\/esred.mx\/web\/wp-json\/wp\/v2\/types\/page"}],"author":[{"embeddable":true,"href":"https:\/\/esred.mx\/web\/wp-json\/wp\/v2\/users\/1"}],"replies":[{"embeddable":true,"href":"https:\/\/esred.mx\/web\/wp-json\/wp\/v2\/comments?post=276"}],"version-history":[{"count":9,"href":"https:\/\/esred.mx\/web\/wp-json\/wp\/v2\/pages\/276\/revisions"}],"predecessor-version":[{"id":415,"href":"https:\/\/esred.mx\/web\/wp-json\/wp\/v2\/pages\/276\/revisions\/415"}],"wp:featuredmedia":[{"embeddable":true,"href":"https:\/\/esred.mx\/web\/wp-json\/wp\/v2\/media\/279"}],"wp:attachment":[{"href":"https:\/\/esred.mx\/web\/wp-json\/wp\/v2\/media?parent=276"}],"curies":[{"name":"wp","href":"https:\/\/api.w.org\/{rel}","templated":true}]}}