{"id":211,"date":"2022-10-18T17:51:32","date_gmt":"2022-10-18T17:51:32","guid":{"rendered":"https:\/\/esred.mx\/web\/?page_id=211"},"modified":"2022-10-21T13:06:26","modified_gmt":"2022-10-21T13:06:26","slug":"quienes-somos","status":"publish","type":"page","link":"https:\/\/esred.mx\/web\/quienes-somos\/","title":{"rendered":"\u00bfQui\u00e9nes somos?"},"content":{"rendered":"<p>[et_pb_section fb_built=\u00bb1&#8243; _builder_version=\u00bb4.18.0&#8243; _module_preset=\u00bbdefault\u00bb background_image=\u00bbhttps:\/\/esred.mx\/web\/wp-content\/uploads\/2022\/10\/1_-QUIENES-SOMOS.png\u00bb background_position=\u00bbtop_center\u00bb global_colors_info=\u00bb{}\u00bb][et_pb_row _builder_version=\u00bb4.18.0&#8243; _module_preset=\u00bbdefault\u00bb background_color=\u00bbrgba(10,42,72,0.8)\u00bb custom_margin=\u00bb25px||25px||false|false\u00bb custom_padding=\u00bb50px|50px|50px|50px|false|false\u00bb animation_style=\u00bbzoom\u00bb border_radii=\u00bbon|30px|30px|30px|30px\u00bb global_colors_info=\u00bb{}\u00bb custom_padding__hover_enabled=\u00bboff|desktop\u00bb][et_pb_column type=\u00bb4_4&#8243; _builder_version=\u00bb4.18.0&#8243; _module_preset=\u00bbdefault\u00bb global_colors_info=\u00bb{}\u00bb][et_pb_text _builder_version=\u00bb4.18.0&#8243; _module_preset=\u00bbdefault\u00bb text_font_size=\u00bb18px\u00bb header_2_text_color=\u00bb#BB945A\u00bb header_2_font_size=\u00bb32px\u00bb header_3_font_size=\u00bb24px\u00bb background_layout=\u00bbdark\u00bb custom_padding=\u00bb||0px|||\u00bb global_colors_info=\u00bb{}\u00bb]<\/p>\n<h2 style=\"text-align: justify;\"><strong>\u00bfQui\u00e9nes somos?<\/strong><\/h2>\n<p><strong><\/strong><\/p>\n<h3><strong>Hola, somos <span style=\"color: #bb945a;\">ESRED,<\/span><\/strong><\/h3>\n<p><strong><span style=\"color: #bb945a;\"><\/span><\/strong><\/p>\n<p><strong><span style=\"color: #bb945a;\"><\/span><\/strong><\/p>\n<p>Educaci\u00f3n y Sociedad en Red<\/p>\n<p>&nbsp;<\/p>\n<p style=\"text-align: justify;\">En la era digital la educaci\u00f3n, capacitaci\u00f3n y adquisici\u00f3n de nuevos conocimientos son indispensables para ejercer nuestros derechos y participar en la vida p\u00fablica y pol\u00edtica del pa\u00eds.<\/p>\n<p style=\"text-align: justify;\">ESRED, Educaci\u00f3n y Sociedad en Red, es un ecosistema digital accesible, en el que podr\u00e1s adquirir capacitaci\u00f3n, talleres, cursos de actualizaci\u00f3n y certificaci\u00f3n de conocimientos y habilidades, de la mano de especialistas de gran experiencia en el mundo pol\u00edtico y social.<\/p>\n<p>[\/et_pb_text][et_pb_divider color=\u00bb#BB945A\u00bb divider_weight=\u00bb4px\u00bb _builder_version=\u00bb4.18.0&#8243; _module_preset=\u00bbdefault\u00bb width=\u00bb45%\u00bb global_colors_info=\u00bb{}\u00bb][\/et_pb_divider][et_pb_text _builder_version=\u00bb4.18.0&#8243; _module_preset=\u00bbdefault\u00bb text_font_size=\u00bb18px\u00bb header_2_text_color=\u00bb#BB945A\u00bb header_2_font_size=\u00bb32px\u00bb header_3_font_size=\u00bb24px\u00bb background_layout=\u00bbdark\u00bb global_colors_info=\u00bb{}\u00bb]<\/p>\n<p><strong><span style=\"color: #bb945a;\">Principios que rigen en<\/span> ESRED<\/strong><\/p>\n<p>#ODS2030<br \/>#Responsabilidad Social<br \/>#Educaci\u00f3n Online<br \/>#Igualdad, diversidad e inclusi\u00f3n<br \/>#Educaci\u00f3n y Participaci\u00f3n<br \/>#Sustentabilidad<br \/>#Innovaci\u00f3n<\/p>\n<p>[\/et_pb_text][\/et_pb_column][\/et_pb_row][\/et_pb_section][et_pb_section fb_built=\u00bb1&#8243; _builder_version=\u00bb4.18.0&#8243; _module_preset=\u00bbdefault\u00bb global_colors_info=\u00bb{}\u00bb][et_pb_row _builder_version=\u00bb4.18.0&#8243; _module_preset=\u00bbdefault\u00bb global_colors_info=\u00bb{}\u00bb][et_pb_column type=\u00bb4_4&#8243; _builder_version=\u00bb4.18.0&#8243; _module_preset=\u00bbdefault\u00bb global_colors_info=\u00bb{}\u00bb][et_pb_image src=\u00bbhttps:\/\/esred.mx\/web\/wp-content\/uploads\/2022\/10\/2_-ICONO_PLUMA.png\u00bb title_text=\u00bb2_ ICONO_PLUMA\u00bb align=\u00bbcenter\u00bb module_id=\u00bbcodigoetica\u00bb _builder_version=\u00bb4.18.0&#8243; _module_preset=\u00bbdefault\u00bb global_colors_info=\u00bb{}\u00bb][\/et_pb_image][et_pb_text _builder_version=\u00bb4.18.0&#8243; _module_preset=\u00bbdefault\u00bb header_2_text_align=\u00bbcenter\u00bb header_2_text_color=\u00bb#BB945A\u00bb global_colors_info=\u00bb{}\u00bb]<\/p>\n<h2><strong>C\u00f3digo de \u00e9tica<\/strong><\/h2>\n<p>[\/et_pb_text][et_pb_text _builder_version=\u00bb4.18.0&#8243; _module_preset=\u00bbdefault\u00bb text_font_size=\u00bb18px\u00bb global_colors_info=\u00bb{}\u00bb]<\/p>\n<p style=\"text-align: justify;\"><strong><span style=\"color: #0a2a48;\">I. Objetivo<\/span><\/strong><\/p>\n<p style=\"text-align: justify;\">Regular los principios y valores que regir\u00e1n el actuar y trabajo diario de la\u00a0comunidad que integra ESRED EDUCACI\u00d3N Y SOCIEDAD EN RED.<\/p>\n<p style=\"text-align: justify;\"><strong><span style=\"color: #0a2a48;\">II. Principios<\/span><\/strong><\/p>\n<p style=\"text-align: justify;\">#ODS2030. ESRED expresa su compromiso y convicci\u00f3n en guiar su\u00a0actuaci\u00f3n conforme a los Objetivos del Desarrollo Sostenible, adoptados por\u00a0los l\u00edderes mundiales de la ONU el 25 de septiembre de 2015. Dicho\u00a0conjunto de objetivos globales para erradicar la pobreza, proteger el planeta\u00a0y asegurar la prosperidad para todos como parte de una nueva agenda del\u00a0desarrollo sostenible, tiene sus metas espec\u00edficas que deben alcanzarse\u00a0dentro de los siguientes 15 a\u00f1os.<\/p>\n<p style=\"text-align: justify;\">En ese sentido, ESRED expresa su compromiso para enfocar sus actividades\u00a0al cumplimiento en particular de los objetivos:<\/p>\n<p>[\/et_pb_text][et_pb_image src=\u00bbhttps:\/\/esred.mx\/web\/wp-content\/uploads\/2022\/10\/3_RECUADRO_COLORES.png\u00bb title_text=\u00bb3_RECUADRO_COLORES\u00bb align=\u00bbcenter\u00bb _builder_version=\u00bb4.18.0&#8243; _module_preset=\u00bbdefault\u00bb hover_enabled=\u00bb0&#8243; global_colors_info=\u00bb{}\u00bb sticky_enabled=\u00bb0&#8243;][\/et_pb_image][\/et_pb_column][\/et_pb_row][\/et_pb_section][et_pb_section fb_built=\u00bb1&#8243; module_id=\u00bbvalores\u00bb _builder_version=\u00bb4.18.0&#8243; _module_preset=\u00bbdefault\u00bb background_color=\u00bb#0A2A48&#8243; min_height=\u00bb58px\u00bb custom_margin=\u00bb-25px||-25px||false|false\u00bb custom_padding=\u00bb0px||0px||false|false\u00bb global_colors_info=\u00bb{}\u00bb][et_pb_row _builder_version=\u00bb4.18.0&#8243; _module_preset=\u00bbdefault\u00bb custom_margin=\u00bb-25px||-25px||false|false\u00bb custom_padding=\u00bb14px|||||\u00bb global_colors_info=\u00bb{}\u00bb][et_pb_column type=\u00bb4_4&#8243; _builder_version=\u00bb4.18.0&#8243; _module_preset=\u00bbdefault\u00bb global_colors_info=\u00bb{}\u00bb][et_pb_text _builder_version=\u00bb4.18.0&#8243; _module_preset=\u00bbdefault\u00bb header_2_text_color=\u00bb#BB945A\u00bb custom_padding=\u00bb0px||0px|||\u00bb global_colors_info=\u00bb{}\u00bb]<\/p>\n<h2 style=\"text-align: center;\"><strong>Los VALORES de <span style=\"color: #ffffff;\">ESRED <\/span>Educaci\u00f3n y Sociedad en Red son:<\/strong><\/h2>\n<p>[\/et_pb_text][\/et_pb_column][\/et_pb_row][\/et_pb_section][et_pb_section fb_built=\u00bb1&#8243; _builder_version=\u00bb4.18.0&#8243; _module_preset=\u00bbdefault\u00bb custom_margin=\u00bb-3px|||||\u00bb global_colors_info=\u00bb{}\u00bb][et_pb_row column_structure=\u00bb1_3,1_3,1_3&#8243; _builder_version=\u00bb4.18.0&#8243; _module_preset=\u00bbdefault\u00bb global_colors_info=\u00bb{}\u00bb][et_pb_column type=\u00bb1_3&#8243; _builder_version=\u00bb4.18.0&#8243; _module_preset=\u00bbdefault\u00bb global_colors_info=\u00bb{}\u00bb][et_pb_image src=\u00bbhttps:\/\/esred.mx\/web\/wp-content\/uploads\/2022\/10\/4_DISCIPLINA.png\u00bb title_text=\u00bb4_DISCIPLINA\u00bb align=\u00bbcenter\u00bb _builder_version=\u00bb4.18.0&#8243; _module_preset=\u00bbdefault\u00bb transform_scale=\u00bb80%|80%\u00bb global_colors_info=\u00bb{}\u00bb][\/et_pb_image][et_pb_text _builder_version=\u00bb4.18.0&#8243; _module_preset=\u00bbdefault\u00bb text_font_size=\u00bb18px\u00bb global_colors_info=\u00bb{}\u00bb]<\/p>\n<p style=\"text-align: center;\">Disciplina para obtener <br \/>altos est\u00e1ndares<\/p>\n<p>[\/et_pb_text][\/et_pb_column][et_pb_column type=\u00bb1_3&#8243; _builder_version=\u00bb4.18.0&#8243; _module_preset=\u00bbdefault\u00bb global_colors_info=\u00bb{}\u00bb][et_pb_image src=\u00bbhttps:\/\/esred.mx\/web\/wp-content\/uploads\/2022\/10\/5_RECONOCIMIENTO.png\u00bb title_text=\u00bb5_RECONOCIMIENTO\u00bb align=\u00bbcenter\u00bb _builder_version=\u00bb4.18.0&#8243; _module_preset=\u00bbdefault\u00bb transform_scale=\u00bb80%|80%\u00bb global_colors_info=\u00bb{}\u00bb][\/et_pb_image][et_pb_text _builder_version=\u00bb4.18.0&#8243; _module_preset=\u00bbdefault\u00bb text_font_size=\u00bb18px\u00bb global_colors_info=\u00bb{}\u00bb]<\/p>\n<p style=\"text-align: center;\">Reconocimiento<br \/>al esfuerzo<\/p>\n<p>[\/et_pb_text][\/et_pb_column][et_pb_column type=\u00bb1_3&#8243; _builder_version=\u00bb4.18.0&#8243; _module_preset=\u00bbdefault\u00bb global_colors_info=\u00bb{}\u00bb][et_pb_image src=\u00bbhttps:\/\/esred.mx\/web\/wp-content\/uploads\/2022\/10\/6_CONSTANCIA.png\u00bb title_text=\u00bb6_CONSTANCIA\u00bb align=\u00bbcenter\u00bb _builder_version=\u00bb4.18.0&#8243; _module_preset=\u00bbdefault\u00bb transform_scale=\u00bb80%|80%\u00bb global_colors_info=\u00bb{}\u00bb][\/et_pb_image][et_pb_text _builder_version=\u00bb4.18.0&#8243; _module_preset=\u00bbdefault\u00bb text_font_size=\u00bb18px\u00bb global_colors_info=\u00bb{}\u00bb]<\/p>\n<p style=\"text-align: center;\">Constancia para<br \/>alcanzar los<br \/>objetivos<\/p>\n<p>[\/et_pb_text][\/et_pb_column][\/et_pb_row][et_pb_row column_structure=\u00bb1_2,1_2&#8243; use_custom_gutter=\u00bbon\u00bb custom_padding_last_edited=\u00bbon|desktop\u00bb _builder_version=\u00bb4.18.0&#8243; _module_preset=\u00bbdefault\u00bb custom_margin=\u00bb||||false|false\u00bb custom_padding=\u00bb|200px||200px|false|false\u00bb custom_padding_tablet=\u00bb|200px||200px|false|false\u00bb custom_padding_phone=\u00bb|0px||0px|false|false\u00bb global_colors_info=\u00bb{}\u00bb][et_pb_column type=\u00bb1_2&#8243; _builder_version=\u00bb4.18.0&#8243; _module_preset=\u00bbdefault\u00bb custom_padding=\u00bb||||false|false\u00bb global_colors_info=\u00bb{}\u00bb][et_pb_image src=\u00bbhttps:\/\/esred.mx\/web\/wp-content\/uploads\/2022\/10\/7_EXCELENCIA.png\u00bb title_text=\u00bb7_EXCELENCIA\u00bb align=\u00bbcenter\u00bb _builder_version=\u00bb4.18.0&#8243; _module_preset=\u00bbdefault\u00bb transform_scale=\u00bb80%|80%\u00bb global_colors_info=\u00bb{}\u00bb][\/et_pb_image][et_pb_text _builder_version=\u00bb4.18.0&#8243; _module_preset=\u00bbdefault\u00bb text_font_size=\u00bb18px\u00bb global_colors_info=\u00bb{}\u00bb]<\/p>\n<p style=\"text-align: center;\">Excelencia en los<br \/>programas de<br \/>formaci\u00f3n<\/p>\n<p>[\/et_pb_text][\/et_pb_column][et_pb_column type=\u00bb1_2&#8243; _builder_version=\u00bb4.18.0&#8243; _module_preset=\u00bbdefault\u00bb global_colors_info=\u00bb{}\u00bb][et_pb_image src=\u00bbhttps:\/\/esred.mx\/web\/wp-content\/uploads\/2022\/10\/8_PASION.png\u00bb title_text=\u00bb8_PASI\u00d3N\u00bb align=\u00bbcenter\u00bb _builder_version=\u00bb4.18.0&#8243; _module_preset=\u00bbdefault\u00bb transform_scale=\u00bb80%|80%\u00bb global_colors_info=\u00bb{}\u00bb][\/et_pb_image][et_pb_text _builder_version=\u00bb4.18.0&#8243; _module_preset=\u00bbdefault\u00bb text_font_size=\u00bb18px\u00bb global_colors_info=\u00bb{}\u00bb]<\/p>\n<p style=\"text-align: center;\">Pasi\u00f3n por la<br \/>ense\u00f1anza<\/p>\n<p>[\/et_pb_text][\/et_pb_column][\/et_pb_row][\/et_pb_section]<\/p>\n","protected":false},"excerpt":{"rendered":"<p>\u00bfQui\u00e9nes somos? Hola, somos ESRED, Educaci\u00f3n y Sociedad en Red &nbsp; En la era digital la educaci\u00f3n, capacitaci\u00f3n y adquisici\u00f3n de nuevos conocimientos son indispensables para ejercer nuestros derechos y participar en la vida p\u00fablica y pol\u00edtica del pa\u00eds. ESRED, Educaci\u00f3n y Sociedad en Red, es un ecosistema digital accesible, en el que podr\u00e1s adquirir [&hellip;]<\/p>\n","protected":false},"author":1,"featured_media":0,"parent":0,"menu_order":0,"comment_status":"closed","ping_status":"closed","template":"","meta":{"_et_pb_use_builder":"on","_et_pb_old_content":"","_et_gb_content_width":"","_crdt_document":"","footnotes":""},"class_list":["post-211","page","type-page","status-publish","hentry"],"yoast_head":"<!-- This site is optimized with the Yoast SEO plugin v27.5 - https:\/\/yoast.com\/product\/yoast-seo-wordpress\/ -->\n<title>\u00bfQui\u00e9nes somos? - Esred<\/title>\n<meta name=\"description\" content=\"En la era digital la educaci\u00f3n, capacitaci\u00f3n y adquisici\u00f3n de nuevos conocimientos son indispensables para ejercer nuestros derechos.\" \/>\n<meta name=\"robots\" content=\"index, follow, max-snippet:-1, max-image-preview:large, max-video-preview:-1\" \/>\n<link rel=\"canonical\" href=\"https:\/\/esred.mx\/web\/quienes-somos\/\" \/>\n<meta property=\"og:locale\" content=\"es_ES\" \/>\n<meta property=\"og:type\" content=\"article\" \/>\n<meta property=\"og:title\" content=\"\u00bfQui\u00e9nes somos? - Esred\" \/>\n<meta property=\"og:description\" content=\"En la era digital la educaci\u00f3n, capacitaci\u00f3n y adquisici\u00f3n de nuevos conocimientos son indispensables para ejercer nuestros derechos.\" \/>\n<meta property=\"og:url\" content=\"https:\/\/esred.mx\/web\/quienes-somos\/\" \/>\n<meta property=\"og:site_name\" content=\"Esred\" \/>\n<meta property=\"article:modified_time\" content=\"2022-10-21T13:06:26+00:00\" \/>\n<meta name=\"twitter:card\" content=\"summary_large_image\" \/>\n<meta name=\"twitter:label1\" content=\"Tiempo de lectura\" \/>\n\t<meta name=\"twitter:data1\" content=\"3 minutos\" \/>\n<script type=\"application\/ld+json\" class=\"yoast-schema-graph\">{\"@context\":\"https:\\\/\\\/schema.org\",\"@graph\":[{\"@type\":\"WebPage\",\"@id\":\"https:\\\/\\\/esred.mx\\\/web\\\/quienes-somos\\\/\",\"url\":\"https:\\\/\\\/esred.mx\\\/web\\\/quienes-somos\\\/\",\"name\":\"\u00bfQui\u00e9nes somos? - Esred\",\"isPartOf\":{\"@id\":\"https:\\\/\\\/esred.mx\\\/web\\\/#website\"},\"datePublished\":\"2022-10-18T17:51:32+00:00\",\"dateModified\":\"2022-10-21T13:06:26+00:00\",\"description\":\"En la era digital la educaci\u00f3n, capacitaci\u00f3n y adquisici\u00f3n de nuevos conocimientos son indispensables para ejercer nuestros derechos.\",\"breadcrumb\":{\"@id\":\"https:\\\/\\\/esred.mx\\\/web\\\/quienes-somos\\\/#breadcrumb\"},\"inLanguage\":\"es\",\"potentialAction\":[{\"@type\":\"ReadAction\",\"target\":[\"https:\\\/\\\/esred.mx\\\/web\\\/quienes-somos\\\/\"]}]},{\"@type\":\"BreadcrumbList\",\"@id\":\"https:\\\/\\\/esred.mx\\\/web\\\/quienes-somos\\\/#breadcrumb\",\"itemListElement\":[{\"@type\":\"ListItem\",\"position\":1,\"name\":\"Portada\",\"item\":\"https:\\\/\\\/esred.mx\\\/web\\\/\"},{\"@type\":\"ListItem\",\"position\":2,\"name\":\"\u00bfQui\u00e9nes somos?\"}]},{\"@type\":\"WebSite\",\"@id\":\"https:\\\/\\\/esred.mx\\\/web\\\/#website\",\"url\":\"https:\\\/\\\/esred.mx\\\/web\\\/\",\"name\":\"Esred\",\"description\":\"Educaci\u00f3n y Sociedad en RED\",\"potentialAction\":[{\"@type\":\"SearchAction\",\"target\":{\"@type\":\"EntryPoint\",\"urlTemplate\":\"https:\\\/\\\/esred.mx\\\/web\\\/?s={search_term_string}\"},\"query-input\":{\"@type\":\"PropertyValueSpecification\",\"valueRequired\":true,\"valueName\":\"search_term_string\"}}],\"inLanguage\":\"es\"}]}<\/script>\n<!-- \/ Yoast SEO plugin. -->","yoast_head_json":{"title":"\u00bfQui\u00e9nes somos? - Esred","description":"En la era digital la educaci\u00f3n, capacitaci\u00f3n y adquisici\u00f3n de nuevos conocimientos son indispensables para ejercer nuestros derechos.","robots":{"index":"index","follow":"follow","max-snippet":"max-snippet:-1","max-image-preview":"max-image-preview:large","max-video-preview":"max-video-preview:-1"},"canonical":"https:\/\/esred.mx\/web\/quienes-somos\/","og_locale":"es_ES","og_type":"article","og_title":"\u00bfQui\u00e9nes somos? - Esred","og_description":"En la era digital la educaci\u00f3n, capacitaci\u00f3n y adquisici\u00f3n de nuevos conocimientos son indispensables para ejercer nuestros derechos.","og_url":"https:\/\/esred.mx\/web\/quienes-somos\/","og_site_name":"Esred","article_modified_time":"2022-10-21T13:06:26+00:00","twitter_card":"summary_large_image","twitter_misc":{"Tiempo de lectura":"3 minutos"},"schema":{"@context":"https:\/\/schema.org","@graph":[{"@type":"WebPage","@id":"https:\/\/esred.mx\/web\/quienes-somos\/","url":"https:\/\/esred.mx\/web\/quienes-somos\/","name":"\u00bfQui\u00e9nes somos? - Esred","isPartOf":{"@id":"https:\/\/esred.mx\/web\/#website"},"datePublished":"2022-10-18T17:51:32+00:00","dateModified":"2022-10-21T13:06:26+00:00","description":"En la era digital la educaci\u00f3n, capacitaci\u00f3n y adquisici\u00f3n de nuevos conocimientos son indispensables para ejercer nuestros derechos.","breadcrumb":{"@id":"https:\/\/esred.mx\/web\/quienes-somos\/#breadcrumb"},"inLanguage":"es","potentialAction":[{"@type":"ReadAction","target":["https:\/\/esred.mx\/web\/quienes-somos\/"]}]},{"@type":"BreadcrumbList","@id":"https:\/\/esred.mx\/web\/quienes-somos\/#breadcrumb","itemListElement":[{"@type":"ListItem","position":1,"name":"Portada","item":"https:\/\/esred.mx\/web\/"},{"@type":"ListItem","position":2,"name":"\u00bfQui\u00e9nes somos?"}]},{"@type":"WebSite","@id":"https:\/\/esred.mx\/web\/#website","url":"https:\/\/esred.mx\/web\/","name":"Esred","description":"Educaci\u00f3n y Sociedad en RED","potentialAction":[{"@type":"SearchAction","target":{"@type":"EntryPoint","urlTemplate":"https:\/\/esred.mx\/web\/?s={search_term_string}"},"query-input":{"@type":"PropertyValueSpecification","valueRequired":true,"valueName":"search_term_string"}}],"inLanguage":"es"}]}},"jetpack-related-posts":[],"jetpack_sharing_enabled":true,"_links":{"self":[{"href":"https:\/\/esred.mx\/web\/wp-json\/wp\/v2\/pages\/211","targetHints":{"allow":["GET"]}}],"collection":[{"href":"https:\/\/esred.mx\/web\/wp-json\/wp\/v2\/pages"}],"about":[{"href":"https:\/\/esred.mx\/web\/wp-json\/wp\/v2\/types\/page"}],"author":[{"embeddable":true,"href":"https:\/\/esred.mx\/web\/wp-json\/wp\/v2\/users\/1"}],"replies":[{"embeddable":true,"href":"https:\/\/esred.mx\/web\/wp-json\/wp\/v2\/comments?post=211"}],"version-history":[{"count":11,"href":"https:\/\/esred.mx\/web\/wp-json\/wp\/v2\/pages\/211\/revisions"}],"predecessor-version":[{"id":302,"href":"https:\/\/esred.mx\/web\/wp-json\/wp\/v2\/pages\/211\/revisions\/302"}],"wp:attachment":[{"href":"https:\/\/esred.mx\/web\/wp-json\/wp\/v2\/media?parent=211"}],"curies":[{"name":"wp","href":"https:\/\/api.w.org\/{rel}","templated":true}]}}