{"id":104,"date":"2022-10-04T22:37:59","date_gmt":"2022-10-04T22:37:59","guid":{"rendered":"https:\/\/esred.mx\/web\/?page_id=104"},"modified":"2022-10-07T13:25:03","modified_gmt":"2022-10-07T13:25:03","slug":"valores-esred","status":"publish","type":"page","link":"https:\/\/esred.mx\/web\/valores-esred\/","title":{"rendered":"Valores ESRED"},"content":{"rendered":"<p>[et_pb_section fb_built=\u00bb1&#8243; _builder_version=\u00bb4.18.0&#8243; _module_preset=\u00bbdefault\u00bb global_colors_info=\u00bb{}\u00bb][et_pb_row column_structure=\u00bb3_5,2_5&#8243; _builder_version=\u00bb4.18.0&#8243; _module_preset=\u00bbdefault\u00bb global_colors_info=\u00bb{}\u00bb][et_pb_column type=\u00bb3_5&#8243; _builder_version=\u00bb4.18.0&#8243; _module_preset=\u00bbdefault\u00bb global_colors_info=\u00bb{}\u00bb][et_pb_text _builder_version=\u00bb4.18.0&#8243; _module_preset=\u00bbdefault\u00bb header_2_text_color=\u00bb#BB945A\u00bb global_colors_info=\u00bb{}\u00bb]<\/p>\n<h2>Los VALORES de ESRED Educaci\u00f3n y Sociedad en Red son:<\/h2>\n<ul>\n<li>Disciplina para obtener altos est\u00e1ndares<\/li>\n<li>Reconocimiento al esfuerzo<\/li>\n<li>Constancia para alcanzar los objetivos<\/li>\n<li>Excelencia en los programas de formaci\u00f3n<\/li>\n<li>Pasi\u00f3n por la ense\u00f1anza<\/li>\n<\/ul>\n<p>[\/et_pb_text][\/et_pb_column][et_pb_column type=\u00bb2_5&#8243; _builder_version=\u00bb4.18.0&#8243; _module_preset=\u00bbdefault\u00bb global_colors_info=\u00bb{}\u00bb][et_pb_image src=\u00bbhttps:\/\/esred.mx\/web\/wp-content\/uploads\/2022\/10\/group-people-working-out-business-plan-office.jpg\u00bb title_text=\u00bbgroup-people-working-out-business-plan-office\u00bb _builder_version=\u00bb4.18.0&#8243; _module_preset=\u00bbdefault\u00bb global_colors_info=\u00bb{}\u00bb][\/et_pb_image][\/et_pb_column][\/et_pb_row][\/et_pb_section][et_pb_section fb_built=\u00bb1&#8243; _builder_version=\u00bb4.18.0&#8243; _module_preset=\u00bbdefault\u00bb global_colors_info=\u00bb{}\u00bb][et_pb_row column_structure=\u00bb3_5,2_5&#8243; _builder_version=\u00bb4.18.0&#8243; _module_preset=\u00bbdefault\u00bb global_colors_info=\u00bb{}\u00bb][et_pb_column type=\u00bb3_5&#8243; _builder_version=\u00bb4.18.0&#8243; _module_preset=\u00bbdefault\u00bb global_colors_info=\u00bb{}\u00bb][et_pb_text _builder_version=\u00bb4.18.0&#8243; _module_preset=\u00bbdefault\u00bb header_2_text_color=\u00bb#BB945A\u00bb global_colors_info=\u00bb{}\u00bb]<\/p>\n<h2>MISI\u00d3N<\/h2>\n<p>Hacer de los asuntos p\u00fablicos una profesi\u00f3n con conocimientos espec\u00edficos de gran valor y desarrollo de habilidades blandas que proporcione al aspirante certidumbre en su participaci\u00f3n para cualquier asunto p\u00fablico.<\/p>\n<p>[\/et_pb_text][\/et_pb_column][et_pb_column type=\u00bb2_5&#8243; _builder_version=\u00bb4.18.0&#8243; _module_preset=\u00bbdefault\u00bb global_colors_info=\u00bb{}\u00bb][et_pb_image src=\u00bbhttps:\/\/esred.mx\/web\/wp-content\/uploads\/2022\/10\/group-people-working-out-business-plan-office.jpg\u00bb title_text=\u00bbgroup-people-working-out-business-plan-office\u00bb _builder_version=\u00bb4.18.0&#8243; _module_preset=\u00bbdefault\u00bb global_colors_info=\u00bb{}\u00bb][\/et_pb_image][\/et_pb_column][\/et_pb_row][\/et_pb_section][et_pb_section fb_built=\u00bb1&#8243; _builder_version=\u00bb4.18.0&#8243; _module_preset=\u00bbdefault\u00bb global_colors_info=\u00bb{}\u00bb][et_pb_row column_structure=\u00bb3_5,2_5&#8243; _builder_version=\u00bb4.18.0&#8243; _module_preset=\u00bbdefault\u00bb global_colors_info=\u00bb{}\u00bb][et_pb_column type=\u00bb3_5&#8243; _builder_version=\u00bb4.18.0&#8243; _module_preset=\u00bbdefault\u00bb global_colors_info=\u00bb{}\u00bb][et_pb_text _builder_version=\u00bb4.18.0&#8243; _module_preset=\u00bbdefault\u00bb header_2_text_color=\u00bb#BB945A\u00bb hover_enabled=\u00bb0&#8243; global_colors_info=\u00bb{}\u00bb sticky_enabled=\u00bb0&#8243;]<\/p>\n<h2>VISI\u00d3N<\/h2>\n<p>Ser reconocida como una instituci\u00f3n de formaci\u00f3n profesional con est\u00e1ndares al m\u00e1s alto nivel en el desarrollo de las competencias que todo aspirante a participar en cualquier asunto p\u00fablico necesita.<\/p>\n<p>[\/et_pb_text][\/et_pb_column][et_pb_column type=\u00bb2_5&#8243; _builder_version=\u00bb4.18.0&#8243; _module_preset=\u00bbdefault\u00bb global_colors_info=\u00bb{}\u00bb][et_pb_image src=\u00bbhttps:\/\/esred.mx\/web\/wp-content\/uploads\/2022\/10\/group-people-working-out-business-plan-office.jpg\u00bb title_text=\u00bbgroup-people-working-out-business-plan-office\u00bb _builder_version=\u00bb4.18.0&#8243; _module_preset=\u00bbdefault\u00bb global_colors_info=\u00bb{}\u00bb][\/et_pb_image][\/et_pb_column][\/et_pb_row][\/et_pb_section][et_pb_section fb_built=\u00bb1&#8243; _builder_version=\u00bb4.18.0&#8243; _module_preset=\u00bbdefault\u00bb global_colors_info=\u00bb{}\u00bb][et_pb_row column_structure=\u00bb3_5,2_5&#8243; _builder_version=\u00bb4.18.0&#8243; _module_preset=\u00bbdefault\u00bb global_colors_info=\u00bb{}\u00bb][et_pb_column type=\u00bb3_5&#8243; _builder_version=\u00bb4.18.0&#8243; _module_preset=\u00bbdefault\u00bb global_colors_info=\u00bb{}\u00bb][et_pb_text _builder_version=\u00bb4.18.0&#8243; _module_preset=\u00bbdefault\u00bb header_2_text_color=\u00bb#BB945A\u00bb global_colors_info=\u00bb{}\u00bb]<\/p>\n<h2>LEGADO<\/h2>\n<p>Transformar a las personas en l\u00edderes y tomadores de decisiones p\u00fablicas con sentido social para lograr el beneficio colectivo y el bien com\u00fan.<\/p>\n<p>[\/et_pb_text][\/et_pb_column][et_pb_column type=\u00bb2_5&#8243; _builder_version=\u00bb4.18.0&#8243; _module_preset=\u00bbdefault\u00bb global_colors_info=\u00bb{}\u00bb][et_pb_image src=\u00bbhttps:\/\/esred.mx\/web\/wp-content\/uploads\/2022\/10\/group-people-working-out-business-plan-office.jpg\u00bb title_text=\u00bbgroup-people-working-out-business-plan-office\u00bb _builder_version=\u00bb4.18.0&#8243; _module_preset=\u00bbdefault\u00bb global_colors_info=\u00bb{}\u00bb][\/et_pb_image][\/et_pb_column][\/et_pb_row][\/et_pb_section]<\/p>\n","protected":false},"excerpt":{"rendered":"<p>Los VALORES de ESRED Educaci\u00f3n y Sociedad en Red son: Disciplina para obtener altos est\u00e1ndares Reconocimiento al esfuerzo Constancia para alcanzar los objetivos Excelencia en los programas de formaci\u00f3n Pasi\u00f3n por la ense\u00f1anza MISI\u00d3N Hacer de los asuntos p\u00fablicos una profesi\u00f3n con conocimientos espec\u00edficos de gran valor y desarrollo de habilidades blandas que proporcione al [&hellip;]<\/p>\n","protected":false},"author":1,"featured_media":0,"parent":0,"menu_order":0,"comment_status":"closed","ping_status":"closed","template":"","meta":{"_et_pb_use_builder":"on","_et_pb_old_content":"","_et_gb_content_width":"","_crdt_document":"","footnotes":""},"class_list":["post-104","page","type-page","status-publish","hentry"],"yoast_head":"<!-- This site is optimized with the Yoast SEO plugin v27.6 - https:\/\/yoast.com\/product\/yoast-seo-wordpress\/ -->\n<title>Valores ESRED - Esred<\/title>\n<meta name=\"robots\" content=\"index, follow, max-snippet:-1, max-image-preview:large, max-video-preview:-1\" \/>\n<link rel=\"canonical\" href=\"https:\/\/esred.mx\/web\/valores-esred\/\" \/>\n<meta property=\"og:locale\" content=\"es_ES\" \/>\n<meta property=\"og:type\" content=\"article\" \/>\n<meta property=\"og:title\" content=\"Valores ESRED - Esred\" \/>\n<meta property=\"og:description\" content=\"Los VALORES de ESRED Educaci\u00f3n y Sociedad en Red son: Disciplina para obtener altos est\u00e1ndares Reconocimiento al esfuerzo Constancia para alcanzar los objetivos Excelencia en los programas de formaci\u00f3n Pasi\u00f3n por la ense\u00f1anza MISI\u00d3N Hacer de los asuntos p\u00fablicos una profesi\u00f3n con conocimientos espec\u00edficos de gran valor y desarrollo de habilidades blandas que proporcione al [&hellip;]\" \/>\n<meta property=\"og:url\" content=\"https:\/\/esred.mx\/web\/valores-esred\/\" \/>\n<meta property=\"og:site_name\" content=\"Esred\" \/>\n<meta property=\"article:modified_time\" content=\"2022-10-07T13:25:03+00:00\" \/>\n<meta name=\"twitter:card\" content=\"summary_large_image\" \/>\n<script type=\"application\/ld+json\" class=\"yoast-schema-graph\">{\"@context\":\"https:\\\/\\\/schema.org\",\"@graph\":[{\"@type\":\"WebPage\",\"@id\":\"https:\\\/\\\/esred.mx\\\/web\\\/valores-esred\\\/\",\"url\":\"https:\\\/\\\/esred.mx\\\/web\\\/valores-esred\\\/\",\"name\":\"Valores ESRED - Esred\",\"isPartOf\":{\"@id\":\"https:\\\/\\\/esred.mx\\\/web\\\/#website\"},\"datePublished\":\"2022-10-04T22:37:59+00:00\",\"dateModified\":\"2022-10-07T13:25:03+00:00\",\"breadcrumb\":{\"@id\":\"https:\\\/\\\/esred.mx\\\/web\\\/valores-esred\\\/#breadcrumb\"},\"inLanguage\":\"es\",\"potentialAction\":[{\"@type\":\"ReadAction\",\"target\":[\"https:\\\/\\\/esred.mx\\\/web\\\/valores-esred\\\/\"]}]},{\"@type\":\"BreadcrumbList\",\"@id\":\"https:\\\/\\\/esred.mx\\\/web\\\/valores-esred\\\/#breadcrumb\",\"itemListElement\":[{\"@type\":\"ListItem\",\"position\":1,\"name\":\"Portada\",\"item\":\"https:\\\/\\\/esred.mx\\\/web\\\/\"},{\"@type\":\"ListItem\",\"position\":2,\"name\":\"Valores ESRED\"}]},{\"@type\":\"WebSite\",\"@id\":\"https:\\\/\\\/esred.mx\\\/web\\\/#website\",\"url\":\"https:\\\/\\\/esred.mx\\\/web\\\/\",\"name\":\"Esred\",\"description\":\"Educaci\u00f3n y Sociedad en RED\",\"potentialAction\":[{\"@type\":\"SearchAction\",\"target\":{\"@type\":\"EntryPoint\",\"urlTemplate\":\"https:\\\/\\\/esred.mx\\\/web\\\/?s={search_term_string}\"},\"query-input\":{\"@type\":\"PropertyValueSpecification\",\"valueRequired\":true,\"valueName\":\"search_term_string\"}}],\"inLanguage\":\"es\"}]}<\/script>\n<!-- \/ Yoast SEO plugin. -->","yoast_head_json":{"title":"Valores ESRED - Esred","robots":{"index":"index","follow":"follow","max-snippet":"max-snippet:-1","max-image-preview":"max-image-preview:large","max-video-preview":"max-video-preview:-1"},"canonical":"https:\/\/esred.mx\/web\/valores-esred\/","og_locale":"es_ES","og_type":"article","og_title":"Valores ESRED - Esred","og_description":"Los VALORES de ESRED Educaci\u00f3n y Sociedad en Red son: Disciplina para obtener altos est\u00e1ndares Reconocimiento al esfuerzo Constancia para alcanzar los objetivos Excelencia en los programas de formaci\u00f3n Pasi\u00f3n por la ense\u00f1anza MISI\u00d3N Hacer de los asuntos p\u00fablicos una profesi\u00f3n con conocimientos espec\u00edficos de gran valor y desarrollo de habilidades blandas que proporcione al [&hellip;]","og_url":"https:\/\/esred.mx\/web\/valores-esred\/","og_site_name":"Esred","article_modified_time":"2022-10-07T13:25:03+00:00","twitter_card":"summary_large_image","schema":{"@context":"https:\/\/schema.org","@graph":[{"@type":"WebPage","@id":"https:\/\/esred.mx\/web\/valores-esred\/","url":"https:\/\/esred.mx\/web\/valores-esred\/","name":"Valores ESRED - Esred","isPartOf":{"@id":"https:\/\/esred.mx\/web\/#website"},"datePublished":"2022-10-04T22:37:59+00:00","dateModified":"2022-10-07T13:25:03+00:00","breadcrumb":{"@id":"https:\/\/esred.mx\/web\/valores-esred\/#breadcrumb"},"inLanguage":"es","potentialAction":[{"@type":"ReadAction","target":["https:\/\/esred.mx\/web\/valores-esred\/"]}]},{"@type":"BreadcrumbList","@id":"https:\/\/esred.mx\/web\/valores-esred\/#breadcrumb","itemListElement":[{"@type":"ListItem","position":1,"name":"Portada","item":"https:\/\/esred.mx\/web\/"},{"@type":"ListItem","position":2,"name":"Valores ESRED"}]},{"@type":"WebSite","@id":"https:\/\/esred.mx\/web\/#website","url":"https:\/\/esred.mx\/web\/","name":"Esred","description":"Educaci\u00f3n y Sociedad en RED","potentialAction":[{"@type":"SearchAction","target":{"@type":"EntryPoint","urlTemplate":"https:\/\/esred.mx\/web\/?s={search_term_string}"},"query-input":{"@type":"PropertyValueSpecification","valueRequired":true,"valueName":"search_term_string"}}],"inLanguage":"es"}]}},"jetpack-related-posts":[],"jetpack_sharing_enabled":true,"_links":{"self":[{"href":"https:\/\/esred.mx\/web\/wp-json\/wp\/v2\/pages\/104","targetHints":{"allow":["GET"]}}],"collection":[{"href":"https:\/\/esred.mx\/web\/wp-json\/wp\/v2\/pages"}],"about":[{"href":"https:\/\/esred.mx\/web\/wp-json\/wp\/v2\/types\/page"}],"author":[{"embeddable":true,"href":"https:\/\/esred.mx\/web\/wp-json\/wp\/v2\/users\/1"}],"replies":[{"embeddable":true,"href":"https:\/\/esred.mx\/web\/wp-json\/wp\/v2\/comments?post=104"}],"version-history":[{"count":3,"href":"https:\/\/esred.mx\/web\/wp-json\/wp\/v2\/pages\/104\/revisions"}],"predecessor-version":[{"id":201,"href":"https:\/\/esred.mx\/web\/wp-json\/wp\/v2\/pages\/104\/revisions\/201"}],"wp:attachment":[{"href":"https:\/\/esred.mx\/web\/wp-json\/wp\/v2\/media?parent=104"}],"curies":[{"name":"wp","href":"https:\/\/api.w.org\/{rel}","templated":true}]}}